{"id":132,"date":"2016-07-06T16:32:30","date_gmt":"2016-07-06T20:32:30","guid":{"rendered":"http:\/\/aloeroothost.com\/~posttraining\/?page_id=132&#038;lang=fr"},"modified":"2018-03-26T16:18:04","modified_gmt":"2018-03-26T20:18:04","slug":"ressources","status":"publish","type":"page","link":"https:\/\/posttraining.ca\/fr\/ressources\/","title":{"rendered":"Ressources"},"content":{"rendered":"<p><img loading=\"lazy\" decoding=\"async\" class=\"size-full wp-image-434\" src=\"http:\/\/posttraining.ca\/wp-content\/uploads\/2016\/06\/jobplanning.jpg\" alt=\"Building Architects\" width=\"403\" height=\"336\" srcset=\"https:\/\/posttraining.ca\/wp-content\/uploads\/2016\/06\/jobplanning.jpg 403w, https:\/\/posttraining.ca\/wp-content\/uploads\/2016\/06\/jobplanning-300x250.jpg 300w, https:\/\/posttraining.ca\/wp-content\/uploads\/2016\/06\/jobplanning-150x125.jpg 150w\" sizes=\"auto, (max-width: 403px) 100vw, 403px\" \/><\/p>\n<p>POST (le programme de formation sur la s\u00e9curit\u00e9 dans le domaine p\u00e9trolier) s\u2019engage \u00e0 fournir \u00e0 notre communaut\u00e9 des informations et ressources utiles. Bien que nous estimions que nos sources sont fiables, nous ne pouvons garantir l\u2019exactitude des renseignements techniques sur les produits qui nous sont fournis.<\/p>\n<p>Si vous d\u00e9sirez faire part de vos suggestions au sujet d\u2019un produit ou d\u2019un service, ou sur un sujet non list\u00e9 ici, veuillez contacter notre bureau au num\u00e9ro suivant : 1-866-360-6722, ou par courriel \u00e0 info@posttraining.ca<\/p>\n<h4><a href=\"https:\/\/posttraining.ca\/?p=923&amp;lang=fr\"><strong>Affiches de rappel de s\u00e9curit\u00e9 POST\u00a0&#8211;\u00a0cliquez ici<\/strong><\/a><\/h4>\n<h2><img loading=\"lazy\" decoding=\"async\" class=\"size-medium wp-image-1534 alignleft\" src=\"https:\/\/posttraining.ca\/wp-content\/uploads\/2018\/03\/POST-safety-reminders-french-222x300.png\" alt=\"\" width=\"222\" height=\"300\" srcset=\"https:\/\/posttraining.ca\/wp-content\/uploads\/2018\/03\/POST-safety-reminders-french-222x300.png 222w, https:\/\/posttraining.ca\/wp-content\/uploads\/2018\/03\/POST-safety-reminders-french-768x1040.png 768w, https:\/\/posttraining.ca\/wp-content\/uploads\/2018\/03\/POST-safety-reminders-french-756x1024.png 756w, https:\/\/posttraining.ca\/wp-content\/uploads\/2018\/03\/POST-safety-reminders-french-150x203.png 150w, https:\/\/posttraining.ca\/wp-content\/uploads\/2018\/03\/POST-safety-reminders-french-369x500.png 369w, https:\/\/posttraining.ca\/wp-content\/uploads\/2018\/03\/POST-safety-reminders-french.png 1296w\" sizes=\"auto, (max-width: 222px) 100vw, 222px\" \/><\/h2>\n<h2>Formation En Mati\u00e8re De S\u00e9curit\u00e9 (sur le site)<\/h2>\n<h4>GRAVI-T ZERO<\/h4>\n<p>Fond\u00e9e en 2007, GRAVI-T ZERO a su rapidement se positionner parmi les leaders des fournisseurs de formations li\u00e9es \u00e0 la sant\u00e9 et la s\u00e9curit\u00e9 au travail , et ce, dans divers secteurs industriels de la province. L&rsquo;entreprise compte une \u00e9quipe de 10 personnes.<\/p>\n<p><strong>GRAVI-T ZERO<\/strong><br \/>\n1490-C rue Nobel,<br \/>\nBoucherville, Qu\u00e9bec<br \/>\nJ4B 5H3<\/p>\n<p>T\u00e9l\u00e9phone: (450) 655-4001<br \/>\nCourriel : <a href=\"mailto:info@graviTzero.com\">info@graviTzero.com<\/a><br \/>\nSite Web : <a href=\"http:\/\/www.gravitzero.com\">www.gravitzero.com<\/a><\/p>\n<h4>Groupe Pr\u00e9vac Inc.<\/h4>\n<p>Groupe Pr\u00e9vac inc. est une entreprise canadienne qui offre des services de consultation et de formation<\/p>\n<ul>\n<li>en pr\u00e9vention des accidents, particuli\u00e8rement dans la manutention s\u00e9curitaire de produits dangereux,<\/li>\n<li>en intervention d&rsquo;urgence en pr\u00e9sence de ces produits et<\/li>\n<li>sur le travail s\u00e9curitaire en espace clos<\/li>\n<\/ul>\n<p><strong>Groupe Pr\u00e9vac Inc.<\/strong><br \/>\n3500, boul. Matte, bureau 236,<br \/>\nBrossard, Qu\u00e9bec,<br \/>\nCanada J4Y 2Z2<\/p>\n<p>T\u00e9l\u00e9phone: (450) 444-0434 ou 444-3584<br \/>\nCourriel: <a href=\"mailto:groupeprevac@prevac.qc.ca\">groupeprevac@prevac.qc.ca<\/a><br \/>\nSite web : <a href=\"http:\/\/www.groupeprevac.com\">www.groupeprevac.com<\/a><\/p>\n<h2>V\u00eatements de protection<\/h2>\n<p><strong>Ansell Canada<br \/>\n<\/strong>105 Lauder, Cowansville, QC J2K 2K8<br \/>\nToll free : 1 800 363-8340<br \/>\nFax: (450) 266-6150<br \/>\nCourriel: <a href=\"mailto:serviceclientcanada@ansell.com\">serviceclientcanada@ansell.com<\/a><br \/>\nSite web : <a href=\"http:\/\/www.ansellcanada.ca\">www.ansellcanada.ca<\/a><\/p>\n<h2>POST guide de r\u00e9f\u00e9rence du gant<\/h2>\n<p>POST fournit un guide de r\u00e9f\u00e9rence pour vous aider \u00e0 choisir le meilleur gant pour la t\u00e2che<br \/>\n<a href=\"http:\/\/posttraining.ca\/wp-content\/uploads\/2016\/07\/POST-GUIDE-DE-REFERENCE-SUR-LES-GANTS.pdf\">T\u00e9l\u00e9chargez le guide de r\u00e9f\u00e9rence fourni par POST.<\/a><\/p>\n<h2>Couteaux de s\u00e9curit\u00e9<\/h2>\n<p><strong><a href=\"http:\/\/posttraining.ca\/ressources\/couteaux-lame-fixe\/?lang=fr\">COUTEAU MEGASAFE<\/a><\/strong><\/p>\n<p>Site web et vid\u00e9o : <a href=\"http:\/\/www.martorusa.com\/Megasafe-116006\">http:\/\/www.martorusa.com\/Megasafe-116006<\/a><br \/>\nDisponible \u00e0 Acklands Grainer &#8211; <a href=\"http:\/\/www.acklandsgrainger.com\">www.acklandsgrainger.com<\/a><\/p>\n","protected":false},"excerpt":{"rendered":"<p>POST (le programme de formation sur la s\u00e9curit\u00e9 dans le domaine p\u00e9trolier) s\u2019engage \u00e0 fournir \u00e0 notre communaut\u00e9 des informations et ressources utiles. Bien que nous estimions que nos sources <a class=\"more-link\" href=\"https:\/\/posttraining.ca\/fr\/ressources\/\">Continue Reading &rarr;<\/a><\/p>\n","protected":false},"author":2,"featured_media":0,"parent":0,"menu_order":4,"comment_status":"closed","ping_status":"closed","template":"","meta":{"jetpack_post_was_ever_published":false,"footnotes":""},"class_list":["post-132","page","type-page","status-publish","hentry"],"ams_acf":[],"yoast_head":"<!-- This site is optimized with the Yoast SEO plugin v27.4 - https:\/\/yoast.com\/product\/yoast-seo-wordpress\/ -->\n<title>Ressources - POST Training<\/title>\n<meta name=\"robots\" content=\"index, follow, max-snippet:-1, max-image-preview:large, max-video-preview:-1\" \/>\n<link rel=\"canonical\" href=\"https:\/\/posttraining.ca\/fr\/ressources\/\" \/>\n<meta property=\"og:locale\" content=\"fr_FR\" \/>\n<meta property=\"og:type\" content=\"article\" \/>\n<meta property=\"og:title\" content=\"Ressources - POST Training\" \/>\n<meta property=\"og:description\" content=\"POST (le programme de formation sur la s\u00e9curit\u00e9 dans le domaine p\u00e9trolier) s\u2019engage \u00e0 fournir \u00e0 notre communaut\u00e9 des informations et ressources utiles. Bien que nous estimions que nos sources Continue Reading &rarr;\" \/>\n<meta property=\"og:url\" content=\"https:\/\/posttraining.ca\/fr\/ressources\/\" \/>\n<meta property=\"og:site_name\" content=\"POST Training\" \/>\n<meta property=\"article:modified_time\" content=\"2018-03-26T20:18:04+00:00\" \/>\n<meta property=\"og:image\" content=\"http:\/\/posttraining.ca\/wp-content\/uploads\/2016\/06\/jobplanning.jpg\" \/>\n<meta name=\"twitter:card\" content=\"summary_large_image\" \/>\n<meta name=\"twitter:label1\" content=\"Dur\u00e9e de lecture estim\u00e9e\" \/>\n\t<meta name=\"twitter:data1\" content=\"2 minutes\" \/>\n<script type=\"application\/ld+json\" class=\"yoast-schema-graph\">{\"@context\":\"https:\\\/\\\/schema.org\",\"@graph\":[{\"@type\":\"WebPage\",\"@id\":\"https:\\\/\\\/posttraining.ca\\\/fr\\\/ressources\\\/\",\"url\":\"https:\\\/\\\/posttraining.ca\\\/fr\\\/ressources\\\/\",\"name\":\"Ressources - POST Training\",\"isPartOf\":{\"@id\":\"https:\\\/\\\/posttraining.ca\\\/#website\"},\"primaryImageOfPage\":{\"@id\":\"https:\\\/\\\/posttraining.ca\\\/fr\\\/ressources\\\/#primaryimage\"},\"image\":{\"@id\":\"https:\\\/\\\/posttraining.ca\\\/fr\\\/ressources\\\/#primaryimage\"},\"thumbnailUrl\":\"http:\\\/\\\/posttraining.ca\\\/wp-content\\\/uploads\\\/2016\\\/06\\\/jobplanning.jpg\",\"datePublished\":\"2016-07-06T20:32:30+00:00\",\"dateModified\":\"2018-03-26T20:18:04+00:00\",\"breadcrumb\":{\"@id\":\"https:\\\/\\\/posttraining.ca\\\/fr\\\/ressources\\\/#breadcrumb\"},\"inLanguage\":\"fr-FR\",\"potentialAction\":[{\"@type\":\"ReadAction\",\"target\":[\"https:\\\/\\\/posttraining.ca\\\/fr\\\/ressources\\\/\"]}]},{\"@type\":\"ImageObject\",\"inLanguage\":\"fr-FR\",\"@id\":\"https:\\\/\\\/posttraining.ca\\\/fr\\\/ressources\\\/#primaryimage\",\"url\":\"http:\\\/\\\/posttraining.ca\\\/wp-content\\\/uploads\\\/2016\\\/06\\\/jobplanning.jpg\",\"contentUrl\":\"http:\\\/\\\/posttraining.ca\\\/wp-content\\\/uploads\\\/2016\\\/06\\\/jobplanning.jpg\"},{\"@type\":\"BreadcrumbList\",\"@id\":\"https:\\\/\\\/posttraining.ca\\\/fr\\\/ressources\\\/#breadcrumb\",\"itemListElement\":[{\"@type\":\"ListItem\",\"position\":1,\"name\":\"Home\",\"item\":\"https:\\\/\\\/posttraining.ca\\\/\"},{\"@type\":\"ListItem\",\"position\":2,\"name\":\"Ressources\"}]},{\"@type\":\"WebSite\",\"@id\":\"https:\\\/\\\/posttraining.ca\\\/#website\",\"url\":\"https:\\\/\\\/posttraining.ca\\\/\",\"name\":\"POST Training\",\"description\":\"Petroleum Oriented Safety Training\",\"potentialAction\":[{\"@type\":\"SearchAction\",\"target\":{\"@type\":\"EntryPoint\",\"urlTemplate\":\"https:\\\/\\\/posttraining.ca\\\/?s={search_term_string}\"},\"query-input\":{\"@type\":\"PropertyValueSpecification\",\"valueRequired\":true,\"valueName\":\"search_term_string\"}}],\"inLanguage\":\"fr-FR\"}]}<\/script>\n<!-- \/ Yoast SEO plugin. -->","yoast_head_json":{"title":"Ressources - POST Training","robots":{"index":"index","follow":"follow","max-snippet":"max-snippet:-1","max-image-preview":"max-image-preview:large","max-video-preview":"max-video-preview:-1"},"canonical":"https:\/\/posttraining.ca\/fr\/ressources\/","og_locale":"fr_FR","og_type":"article","og_title":"Ressources - POST Training","og_description":"POST (le programme de formation sur la s\u00e9curit\u00e9 dans le domaine p\u00e9trolier) s\u2019engage \u00e0 fournir \u00e0 notre communaut\u00e9 des informations et ressources utiles. Bien que nous estimions que nos sources Continue Reading &rarr;","og_url":"https:\/\/posttraining.ca\/fr\/ressources\/","og_site_name":"POST Training","article_modified_time":"2018-03-26T20:18:04+00:00","og_image":[{"url":"http:\/\/posttraining.ca\/wp-content\/uploads\/2016\/06\/jobplanning.jpg","type":"","width":"","height":""}],"twitter_card":"summary_large_image","twitter_misc":{"Dur\u00e9e de lecture estim\u00e9e":"2 minutes"},"schema":{"@context":"https:\/\/schema.org","@graph":[{"@type":"WebPage","@id":"https:\/\/posttraining.ca\/fr\/ressources\/","url":"https:\/\/posttraining.ca\/fr\/ressources\/","name":"Ressources - POST Training","isPartOf":{"@id":"https:\/\/posttraining.ca\/#website"},"primaryImageOfPage":{"@id":"https:\/\/posttraining.ca\/fr\/ressources\/#primaryimage"},"image":{"@id":"https:\/\/posttraining.ca\/fr\/ressources\/#primaryimage"},"thumbnailUrl":"http:\/\/posttraining.ca\/wp-content\/uploads\/2016\/06\/jobplanning.jpg","datePublished":"2016-07-06T20:32:30+00:00","dateModified":"2018-03-26T20:18:04+00:00","breadcrumb":{"@id":"https:\/\/posttraining.ca\/fr\/ressources\/#breadcrumb"},"inLanguage":"fr-FR","potentialAction":[{"@type":"ReadAction","target":["https:\/\/posttraining.ca\/fr\/ressources\/"]}]},{"@type":"ImageObject","inLanguage":"fr-FR","@id":"https:\/\/posttraining.ca\/fr\/ressources\/#primaryimage","url":"http:\/\/posttraining.ca\/wp-content\/uploads\/2016\/06\/jobplanning.jpg","contentUrl":"http:\/\/posttraining.ca\/wp-content\/uploads\/2016\/06\/jobplanning.jpg"},{"@type":"BreadcrumbList","@id":"https:\/\/posttraining.ca\/fr\/ressources\/#breadcrumb","itemListElement":[{"@type":"ListItem","position":1,"name":"Home","item":"https:\/\/posttraining.ca\/"},{"@type":"ListItem","position":2,"name":"Ressources"}]},{"@type":"WebSite","@id":"https:\/\/posttraining.ca\/#website","url":"https:\/\/posttraining.ca\/","name":"POST Training","description":"Petroleum Oriented Safety Training","potentialAction":[{"@type":"SearchAction","target":{"@type":"EntryPoint","urlTemplate":"https:\/\/posttraining.ca\/?s={search_term_string}"},"query-input":{"@type":"PropertyValueSpecification","valueRequired":true,"valueName":"search_term_string"}}],"inLanguage":"fr-FR"}]}},"jetpack_sharing_enabled":true,"jetpack_shortlink":"https:\/\/wp.me\/P90ZUJ-28","_links":{"self":[{"href":"https:\/\/posttraining.ca\/fr\/wp-json\/wp\/v2\/pages\/132","targetHints":{"allow":["GET"]}}],"collection":[{"href":"https:\/\/posttraining.ca\/fr\/wp-json\/wp\/v2\/pages"}],"about":[{"href":"https:\/\/posttraining.ca\/fr\/wp-json\/wp\/v2\/types\/page"}],"author":[{"embeddable":true,"href":"https:\/\/posttraining.ca\/fr\/wp-json\/wp\/v2\/users\/2"}],"replies":[{"embeddable":true,"href":"https:\/\/posttraining.ca\/fr\/wp-json\/wp\/v2\/comments?post=132"}],"version-history":[{"count":9,"href":"https:\/\/posttraining.ca\/fr\/wp-json\/wp\/v2\/pages\/132\/revisions"}],"predecessor-version":[{"id":1536,"href":"https:\/\/posttraining.ca\/fr\/wp-json\/wp\/v2\/pages\/132\/revisions\/1536"}],"wp:attachment":[{"href":"https:\/\/posttraining.ca\/fr\/wp-json\/wp\/v2\/media?parent=132"}],"curies":[{"name":"wp","href":"https:\/\/api.w.org\/{rel}","templated":true}]}}