{"id":136,"date":"2016-07-06T16:40:44","date_gmt":"2016-07-06T20:40:44","guid":{"rendered":"http:\/\/aloeroothost.com\/~posttraining\/?page_id=136&#038;lang=fr"},"modified":"2016-07-06T16:40:44","modified_gmt":"2016-07-06T20:40:44","slug":"couteaux-lame-fixe","status":"publish","type":"page","link":"https:\/\/posttraining.ca\/fr\/ressources\/couteaux-lame-fixe\/","title":{"rendered":"Couteaux \u00e0 lame fixe"},"content":{"rendered":"<h2>L\u2019utilisation de couteaux \u00e0 lame fixe est interdite sur les chantiers POST<\/h2>\n<div id=\"attachment_77\" style=\"width: 331px\" class=\"wp-caption alignnone\"><img loading=\"lazy\" decoding=\"async\" aria-describedby=\"caption-attachment-77\" class=\"size-full wp-image-77\" src=\"http:\/\/posttraining.ca\/wp-content\/uploads\/2016\/07\/retractingknives.png\" alt=\"Exemples de couteaux auto-r\u00e9tractables s\u00e9curitaires\" width=\"321\" height=\"297\" srcset=\"https:\/\/posttraining.ca\/wp-content\/uploads\/2016\/07\/retractingknives.png 321w, https:\/\/posttraining.ca\/wp-content\/uploads\/2016\/07\/retractingknives-300x278.png 300w, https:\/\/posttraining.ca\/wp-content\/uploads\/2016\/07\/retractingknives-150x139.png 150w\" sizes=\"auto, (max-width: 321px) 100vw, 321px\" \/><p id=\"caption-attachment-77\" class=\"wp-caption-text\">Exemples de couteaux auto-r\u00e9tractables s\u00e9curitaires<\/p><\/div>\n<p>Le comit\u00e9 POST et les soci\u00e9t\u00e9s p\u00e9troli\u00e8res ont adopt\u00e9 l\u2019utilisation de couteaux auto-r\u00e9tractables seulement. Ces couteaux ont une lame qui se r\u00e9tracte automatiquement dans le manche lorsqu\u2019elle n\u2019est pas utilis\u00e9e.<\/p>\n<p>Beaucoup de travailleurs utilisent des couteaux universels pour couper le feuillard, perforer le film plastique et ouvrir les emballages. Mais il ne suffit que d\u2019un faux mouvement pour que ces lames r\u00e9tractables causent des blessures graves.<\/p>\n<h3>Beaucoup d\u2019accidents li\u00e9s aux couteaux universels se produisent pour les raisons suivantes :<\/h3>\n<ul>\n<li>Couper en dirigeant le couteau dans votre direction au lieu de la direction inverse \u00e0 votre corps.<\/li>\n<li>Travailler avec une lame mal aiguis\u00e9e. (Les lames mal aiguis\u00e9es n\u00e9cessitent une plus grande pression, ce qui augmente le risque de blessure.)<\/li>\n<li>Essayer de couper plus que ce que le couteau est en mesure de faire.<\/li>\n<li>Ranger le couteau de mani\u00e8re inappropri\u00e9e en ne r\u00e9tractant pas la lame.<\/li>\n<li>Ne pas porter d\u2019\u00e9quipement de protection individuelle.<\/li>\n<li>N\u00e9gliger l\u2019inspection de l\u2019outil avant de l\u2019utiliser.Dans certains cas, des travailleurs se sont bless\u00e9s \u00e0 cause d\u2019une pointe de lame expos\u00e9e. Ces situations se sont produites parce que la lame ne s\u2019\u00e9tait pas compl\u00e8tement r\u00e9tract\u00e9e dans le manche.<\/li>\n<\/ul>\n<h3>Voici des mesures de s\u00e9curit\u00e9 \u00e0 se rappeler quand vient le temps d\u2019entreprendre des activit\u00e9s de d\u00e9coupage :<\/h3>\n<ul>\n<li>Porter des lunettes de s\u00e9curit\u00e9 pour prot\u00e9ger vos yeux.<\/li>\n<li>Porter des gants en cotte de mailles soud\u00e9es ou des gants Kevlar pour prot\u00e9ger vos mains.<\/li>\n<li>Utiliser des lames auto-r\u00e9tractables.<\/li>\n<li>Garder les extr\u00e9mit\u00e9s en dehors de la trajectoire du couteau.<\/li>\n<li>Ne pas appliquer une trop forte pression sur la lame.<\/li>\n<li>Suivre les instructions du fabricant lorsque vient le temps de changer les lames.<\/li>\n<li>Jeter les lames mal aiguis\u00e9es ou bris\u00e9es dans un contenant non perforable.<\/li>\n<li>Utiliser des outils en forme de ciseaux pour couper de la corde, des tubes en plastique ou des tuyaux en plastique souple.<\/li>\n<li>Essayez d\u2019\u00e9viter les lames en utilisant un outil de d\u00e9coupage de style ciseaux\/cisailles comme ceux-ci<\/li>\n<\/ul>\n<p><strong>D\u2018UNE QUALIT\u00c9 TELLE QU\u2018ELLE SE VOIT ! AVEC LAME TRAP\u00c9ZO\u00cfDALE ARRONDIE.<\/strong><\/p>\n<div id=\"attachment_78\" style=\"width: 532px\" class=\"wp-caption alignnone\"><img loading=\"lazy\" decoding=\"async\" aria-describedby=\"caption-attachment-78\" class=\"size-full wp-image-78\" src=\"http:\/\/posttraining.ca\/wp-content\/uploads\/2016\/07\/megasafe_knife.jpg\" alt=\"Megasafe Knife - Safety Knives\" width=\"522\" height=\"144\" srcset=\"https:\/\/posttraining.ca\/wp-content\/uploads\/2016\/07\/megasafe_knife.jpg 522w, https:\/\/posttraining.ca\/wp-content\/uploads\/2016\/07\/megasafe_knife-300x83.jpg 300w, https:\/\/posttraining.ca\/wp-content\/uploads\/2016\/07\/megasafe_knife-150x41.jpg 150w, https:\/\/posttraining.ca\/wp-content\/uploads\/2016\/07\/megasafe_knife-500x138.jpg 500w\" sizes=\"auto, (max-width: 522px) 100vw, 522px\" \/><p id=\"caption-attachment-78\" class=\"wp-caption-text\">Secupro Megasafe Knife &#8211; Example Safety Knives<\/p><\/div>\n<p>Vous souhaitez un couteau de s\u00e9curit\u00e9 avec un grand d\u00e9bord de lame ? Ou cherchez-vous un couteau de s\u00e9curit\u00e9 au syst\u00e8me de r\u00e9traction plus \u00e9labor\u00e9 encore que l\u2018OPTISAFE et le MAXISAFE ? C\u2018est Le SECUPRO MEGASAFE qu\u2018il vous faut : le meilleur choix. Son d\u00e9bord de lame vous autorise une profondeur de coupe jusqu\u2018\u00e0 17 mm. Votre s\u00e9curit\u00e9 est assur\u00e9e gr\u00e2ce \u00e0 la r\u00e9traction automatique de la lame m\u00eame partiellement sortie.<\/p>\n<p><a href=\"https:\/\/www.martor.com\/fr\/produits\/couteaux-de-securite\/product\/secupro-megasafe-116006.html\">Site Web<\/a><\/p>\n<h3>Sources canadiennes pour couteaux s\u00e9curitaires<\/h3>\n<p><strong>International Safety Systems<br \/>\n<\/strong>Tel : 1-877-DIAL-ISS<br \/>\n<a href=\"http:\/\/www.internationalsafety.com\">www.internationalsafety.com<\/a><\/p>\n<p><strong>Acklands Grainger Inc.<br \/>\n<\/strong><a href=\"https:\/\/www.acklandsgrainger.com\/\">www.acklandsgrainger.com<\/a><strong><br \/>\n<\/strong><\/p>\n<p><strong>Uline<br \/>\n<\/strong>Toll Free 1-800-958-5463<br \/>\n<a href=\"http:\/\/fr.uline.ca\/\">http:\/\/fr.uline.ca\/<\/a><\/p>\n","protected":false},"excerpt":{"rendered":"<p>L\u2019utilisation de couteaux \u00e0 lame fixe est interdite sur les chantiers POST Le comit\u00e9 POST et les soci\u00e9t\u00e9s p\u00e9troli\u00e8res ont adopt\u00e9 l\u2019utilisation de couteaux auto-r\u00e9tractables seulement. Ces couteaux ont une <a class=\"more-link\" href=\"https:\/\/posttraining.ca\/fr\/ressources\/couteaux-lame-fixe\/\">Continue Reading &rarr;<\/a><\/p>\n","protected":false},"author":2,"featured_media":0,"parent":132,"menu_order":3,"comment_status":"closed","ping_status":"closed","template":"","meta":{"jetpack_post_was_ever_published":false,"footnotes":""},"class_list":["post-136","page","type-page","status-publish","hentry"],"ams_acf":[],"yoast_head":"<!-- This site is optimized with the Yoast SEO plugin v27.4 - https:\/\/yoast.com\/product\/yoast-seo-wordpress\/ -->\n<title>Couteaux \u00e0 lame fixe - POST Training<\/title>\n<meta name=\"robots\" content=\"index, follow, max-snippet:-1, max-image-preview:large, max-video-preview:-1\" \/>\n<link rel=\"canonical\" href=\"https:\/\/posttraining.ca\/fr\/ressources\/couteaux-lame-fixe\/\" \/>\n<meta property=\"og:locale\" content=\"fr_FR\" \/>\n<meta property=\"og:type\" content=\"article\" \/>\n<meta property=\"og:title\" content=\"Couteaux \u00e0 lame fixe - POST Training\" \/>\n<meta property=\"og:description\" content=\"L\u2019utilisation de couteaux \u00e0 lame fixe est interdite sur les chantiers POST Le comit\u00e9 POST et les soci\u00e9t\u00e9s p\u00e9troli\u00e8res ont adopt\u00e9 l\u2019utilisation de couteaux auto-r\u00e9tractables seulement. Ces couteaux ont une Continue Reading &rarr;\" \/>\n<meta property=\"og:url\" content=\"https:\/\/posttraining.ca\/fr\/ressources\/couteaux-lame-fixe\/\" \/>\n<meta property=\"og:site_name\" content=\"POST Training\" \/>\n<meta property=\"og:image\" content=\"http:\/\/posttraining.ca\/wp-content\/uploads\/2016\/07\/retractingknives.png\" \/>\n<meta name=\"twitter:card\" content=\"summary_large_image\" \/>\n<meta name=\"twitter:label1\" content=\"Dur\u00e9e de lecture estim\u00e9e\" \/>\n\t<meta name=\"twitter:data1\" content=\"3 minutes\" \/>\n<script type=\"application\/ld+json\" class=\"yoast-schema-graph\">{\"@context\":\"https:\\\/\\\/schema.org\",\"@graph\":[{\"@type\":\"WebPage\",\"@id\":\"https:\\\/\\\/posttraining.ca\\\/fr\\\/ressources\\\/couteaux-lame-fixe\\\/\",\"url\":\"https:\\\/\\\/posttraining.ca\\\/fr\\\/ressources\\\/couteaux-lame-fixe\\\/\",\"name\":\"Couteaux \u00e0 lame fixe - POST Training\",\"isPartOf\":{\"@id\":\"https:\\\/\\\/posttraining.ca\\\/#website\"},\"primaryImageOfPage\":{\"@id\":\"https:\\\/\\\/posttraining.ca\\\/fr\\\/ressources\\\/couteaux-lame-fixe\\\/#primaryimage\"},\"image\":{\"@id\":\"https:\\\/\\\/posttraining.ca\\\/fr\\\/ressources\\\/couteaux-lame-fixe\\\/#primaryimage\"},\"thumbnailUrl\":\"http:\\\/\\\/posttraining.ca\\\/wp-content\\\/uploads\\\/2016\\\/07\\\/retractingknives.png\",\"datePublished\":\"2016-07-06T20:40:44+00:00\",\"breadcrumb\":{\"@id\":\"https:\\\/\\\/posttraining.ca\\\/fr\\\/ressources\\\/couteaux-lame-fixe\\\/#breadcrumb\"},\"inLanguage\":\"fr-FR\",\"potentialAction\":[{\"@type\":\"ReadAction\",\"target\":[\"https:\\\/\\\/posttraining.ca\\\/fr\\\/ressources\\\/couteaux-lame-fixe\\\/\"]}]},{\"@type\":\"ImageObject\",\"inLanguage\":\"fr-FR\",\"@id\":\"https:\\\/\\\/posttraining.ca\\\/fr\\\/ressources\\\/couteaux-lame-fixe\\\/#primaryimage\",\"url\":\"http:\\\/\\\/posttraining.ca\\\/wp-content\\\/uploads\\\/2016\\\/07\\\/retractingknives.png\",\"contentUrl\":\"http:\\\/\\\/posttraining.ca\\\/wp-content\\\/uploads\\\/2016\\\/07\\\/retractingknives.png\"},{\"@type\":\"BreadcrumbList\",\"@id\":\"https:\\\/\\\/posttraining.ca\\\/fr\\\/ressources\\\/couteaux-lame-fixe\\\/#breadcrumb\",\"itemListElement\":[{\"@type\":\"ListItem\",\"position\":1,\"name\":\"Home\",\"item\":\"https:\\\/\\\/posttraining.ca\\\/\"},{\"@type\":\"ListItem\",\"position\":2,\"name\":\"Ressources\",\"item\":\"https:\\\/\\\/posttraining.ca\\\/fr\\\/ressources\\\/\"},{\"@type\":\"ListItem\",\"position\":3,\"name\":\"Couteaux \u00e0 lame fixe\"}]},{\"@type\":\"WebSite\",\"@id\":\"https:\\\/\\\/posttraining.ca\\\/#website\",\"url\":\"https:\\\/\\\/posttraining.ca\\\/\",\"name\":\"POST Training\",\"description\":\"Petroleum Oriented Safety Training\",\"potentialAction\":[{\"@type\":\"SearchAction\",\"target\":{\"@type\":\"EntryPoint\",\"urlTemplate\":\"https:\\\/\\\/posttraining.ca\\\/?s={search_term_string}\"},\"query-input\":{\"@type\":\"PropertyValueSpecification\",\"valueRequired\":true,\"valueName\":\"search_term_string\"}}],\"inLanguage\":\"fr-FR\"}]}<\/script>\n<!-- \/ Yoast SEO plugin. -->","yoast_head_json":{"title":"Couteaux \u00e0 lame fixe - POST Training","robots":{"index":"index","follow":"follow","max-snippet":"max-snippet:-1","max-image-preview":"max-image-preview:large","max-video-preview":"max-video-preview:-1"},"canonical":"https:\/\/posttraining.ca\/fr\/ressources\/couteaux-lame-fixe\/","og_locale":"fr_FR","og_type":"article","og_title":"Couteaux \u00e0 lame fixe - POST Training","og_description":"L\u2019utilisation de couteaux \u00e0 lame fixe est interdite sur les chantiers POST Le comit\u00e9 POST et les soci\u00e9t\u00e9s p\u00e9troli\u00e8res ont adopt\u00e9 l\u2019utilisation de couteaux auto-r\u00e9tractables seulement. Ces couteaux ont une Continue Reading &rarr;","og_url":"https:\/\/posttraining.ca\/fr\/ressources\/couteaux-lame-fixe\/","og_site_name":"POST Training","og_image":[{"url":"http:\/\/posttraining.ca\/wp-content\/uploads\/2016\/07\/retractingknives.png","type":"","width":"","height":""}],"twitter_card":"summary_large_image","twitter_misc":{"Dur\u00e9e de lecture estim\u00e9e":"3 minutes"},"schema":{"@context":"https:\/\/schema.org","@graph":[{"@type":"WebPage","@id":"https:\/\/posttraining.ca\/fr\/ressources\/couteaux-lame-fixe\/","url":"https:\/\/posttraining.ca\/fr\/ressources\/couteaux-lame-fixe\/","name":"Couteaux \u00e0 lame fixe - POST Training","isPartOf":{"@id":"https:\/\/posttraining.ca\/#website"},"primaryImageOfPage":{"@id":"https:\/\/posttraining.ca\/fr\/ressources\/couteaux-lame-fixe\/#primaryimage"},"image":{"@id":"https:\/\/posttraining.ca\/fr\/ressources\/couteaux-lame-fixe\/#primaryimage"},"thumbnailUrl":"http:\/\/posttraining.ca\/wp-content\/uploads\/2016\/07\/retractingknives.png","datePublished":"2016-07-06T20:40:44+00:00","breadcrumb":{"@id":"https:\/\/posttraining.ca\/fr\/ressources\/couteaux-lame-fixe\/#breadcrumb"},"inLanguage":"fr-FR","potentialAction":[{"@type":"ReadAction","target":["https:\/\/posttraining.ca\/fr\/ressources\/couteaux-lame-fixe\/"]}]},{"@type":"ImageObject","inLanguage":"fr-FR","@id":"https:\/\/posttraining.ca\/fr\/ressources\/couteaux-lame-fixe\/#primaryimage","url":"http:\/\/posttraining.ca\/wp-content\/uploads\/2016\/07\/retractingknives.png","contentUrl":"http:\/\/posttraining.ca\/wp-content\/uploads\/2016\/07\/retractingknives.png"},{"@type":"BreadcrumbList","@id":"https:\/\/posttraining.ca\/fr\/ressources\/couteaux-lame-fixe\/#breadcrumb","itemListElement":[{"@type":"ListItem","position":1,"name":"Home","item":"https:\/\/posttraining.ca\/"},{"@type":"ListItem","position":2,"name":"Ressources","item":"https:\/\/posttraining.ca\/fr\/ressources\/"},{"@type":"ListItem","position":3,"name":"Couteaux \u00e0 lame fixe"}]},{"@type":"WebSite","@id":"https:\/\/posttraining.ca\/#website","url":"https:\/\/posttraining.ca\/","name":"POST Training","description":"Petroleum Oriented Safety Training","potentialAction":[{"@type":"SearchAction","target":{"@type":"EntryPoint","urlTemplate":"https:\/\/posttraining.ca\/?s={search_term_string}"},"query-input":{"@type":"PropertyValueSpecification","valueRequired":true,"valueName":"search_term_string"}}],"inLanguage":"fr-FR"}]}},"jetpack_sharing_enabled":true,"jetpack_shortlink":"https:\/\/wp.me\/P90ZUJ-2c","_links":{"self":[{"href":"https:\/\/posttraining.ca\/fr\/wp-json\/wp\/v2\/pages\/136","targetHints":{"allow":["GET"]}}],"collection":[{"href":"https:\/\/posttraining.ca\/fr\/wp-json\/wp\/v2\/pages"}],"about":[{"href":"https:\/\/posttraining.ca\/fr\/wp-json\/wp\/v2\/types\/page"}],"author":[{"embeddable":true,"href":"https:\/\/posttraining.ca\/fr\/wp-json\/wp\/v2\/users\/2"}],"replies":[{"embeddable":true,"href":"https:\/\/posttraining.ca\/fr\/wp-json\/wp\/v2\/comments?post=136"}],"version-history":[{"count":1,"href":"https:\/\/posttraining.ca\/fr\/wp-json\/wp\/v2\/pages\/136\/revisions"}],"predecessor-version":[{"id":137,"href":"https:\/\/posttraining.ca\/fr\/wp-json\/wp\/v2\/pages\/136\/revisions\/137"}],"up":[{"embeddable":true,"href":"https:\/\/posttraining.ca\/fr\/wp-json\/wp\/v2\/pages\/132"}],"wp:attachment":[{"href":"https:\/\/posttraining.ca\/fr\/wp-json\/wp\/v2\/media?parent=136"}],"curies":[{"name":"wp","href":"https:\/\/api.w.org\/{rel}","templated":true}]}}