{"id":246,"date":"2016-07-13T15:58:41","date_gmt":"2016-07-13T19:58:41","guid":{"rendered":"http:\/\/aloeroothost.com\/~posttraining\/?page_id=246&#038;lang=fr"},"modified":"2016-07-13T15:58:51","modified_gmt":"2016-07-13T19:58:51","slug":"plan-du-site","status":"publish","type":"page","link":"https:\/\/posttraining.ca\/fr\/plan-du-site\/","title":{"rendered":"Plan du Site"},"content":{"rendered":"<ul class=\"jetpack-sitemap-shortcode\"><li class=\"pagenav\"><b><a href=\"\/\">POST Training<\/a><\/b><ul><li class=\"page_item page-item-923\"><a href=\"https:\/\/posttraining.ca\/fr\/affiches-de-rappel-de-securite-post\/\">Affiches de rappel de s\u00e9curit\u00e9 POST<\/a><\/li>\n<li class=\"page_item page-item-3565\"><a href=\"https:\/\/posttraining.ca\/fr\/guide-post-sur-le-travail-en-hiver\/\">Guide POST sur le travail en hiver<\/a><\/li>\n<li class=\"page_item page-item-5442\"><a href=\"https:\/\/posttraining.ca\/fr\/les-pratiques-exemplaires-de-post-infographie\/\">Les pratiques exemplaires de POST &#8211; infographie<\/a><\/li>\n<li class=\"page_item page-item-5499\"><a href=\"https:\/\/posttraining.ca\/fr\/les-pratiques-exemplaires-nouvelles-et-ameliorees-de-post-sont-arrivees\/\">Les pratiques exemplaires nouvelles et am\u00e9lior\u00e9es de POST sont arriv\u00e9es<\/a><\/li>\n<li class=\"page_item page-item-246\"><a href=\"https:\/\/posttraining.ca\/fr\/plan-du-site\/\">Plan du Site<\/a><\/li>\n<li class=\"page_item page-item-3177\"><a href=\"https:\/\/posttraining.ca\/fr\/securite-par-temps-chaud\/\">S\u00e9curit\u00e9 par temps chaud<\/a><\/li>\n<li class=\"page_item page-item-129\"><a href=\"https:\/\/posttraining.ca\/fr\/documents\/\">Documents<\/a><\/li>\n<li class=\"page_item page-item-132 page_item_has_children\"><a href=\"https:\/\/posttraining.ca\/fr\/ressources\/\">Ressources<\/a>\n<ul class='children'>\n\t<li class=\"page_item page-item-3164\"><a href=\"https:\/\/posttraining.ca\/fr\/ressources\/ressources-sur-la-covid-19\/\">Ressources sur la COVID-19<\/a><\/li>\n\t<li class=\"page_item page-item-136\"><a href=\"https:\/\/posttraining.ca\/fr\/ressources\/couteaux-lame-fixe\/\">Couteaux \u00e0 lame fixe<\/a><\/li>\n<\/ul>\n<\/li>\n<\/ul><\/li><\/ul>\n","protected":false},"excerpt":{"rendered":"","protected":false},"author":2,"featured_media":0,"parent":0,"menu_order":0,"comment_status":"closed","ping_status":"closed","template":"page_sitemap.php","meta":{"jetpack_post_was_ever_published":false,"footnotes":""},"class_list":["post-246","page","type-page","status-publish","hentry"],"ams_acf":[],"yoast_head":"<!-- This site is optimized with the Yoast SEO plugin v27.5 - https:\/\/yoast.com\/product\/yoast-seo-wordpress\/ -->\n<title>Plan du Site - POST Training<\/title>\n<meta name=\"robots\" content=\"index, follow, max-snippet:-1, max-image-preview:large, max-video-preview:-1\" \/>\n<link rel=\"canonical\" href=\"https:\/\/posttraining.ca\/fr\/plan-du-site\/\" \/>\n<meta property=\"og:locale\" content=\"fr_FR\" \/>\n<meta property=\"og:type\" content=\"article\" \/>\n<meta property=\"og:title\" content=\"Plan du Site - POST Training\" \/>\n<meta property=\"og:url\" content=\"https:\/\/posttraining.ca\/fr\/plan-du-site\/\" \/>\n<meta property=\"og:site_name\" content=\"POST Training\" \/>\n<meta property=\"article:modified_time\" content=\"2016-07-13T19:58:51+00:00\" \/>\n<meta name=\"twitter:card\" content=\"summary_large_image\" \/>\n<script type=\"application\/ld+json\" class=\"yoast-schema-graph\">{\"@context\":\"https:\\\/\\\/schema.org\",\"@graph\":[{\"@type\":\"WebPage\",\"@id\":\"https:\\\/\\\/posttraining.ca\\\/fr\\\/plan-du-site\\\/\",\"url\":\"https:\\\/\\\/posttraining.ca\\\/fr\\\/plan-du-site\\\/\",\"name\":\"Plan du Site - POST Training\",\"isPartOf\":{\"@id\":\"https:\\\/\\\/posttraining.ca\\\/#website\"},\"datePublished\":\"2016-07-13T19:58:41+00:00\",\"dateModified\":\"2016-07-13T19:58:51+00:00\",\"breadcrumb\":{\"@id\":\"https:\\\/\\\/posttraining.ca\\\/fr\\\/plan-du-site\\\/#breadcrumb\"},\"inLanguage\":\"fr-FR\",\"potentialAction\":[{\"@type\":\"ReadAction\",\"target\":[\"https:\\\/\\\/posttraining.ca\\\/fr\\\/plan-du-site\\\/\"]}]},{\"@type\":\"BreadcrumbList\",\"@id\":\"https:\\\/\\\/posttraining.ca\\\/fr\\\/plan-du-site\\\/#breadcrumb\",\"itemListElement\":[{\"@type\":\"ListItem\",\"position\":1,\"name\":\"Home\",\"item\":\"https:\\\/\\\/posttraining.ca\\\/\"},{\"@type\":\"ListItem\",\"position\":2,\"name\":\"Plan du Site\"}]},{\"@type\":\"WebSite\",\"@id\":\"https:\\\/\\\/posttraining.ca\\\/#website\",\"url\":\"https:\\\/\\\/posttraining.ca\\\/\",\"name\":\"POST Training\",\"description\":\"Petroleum Oriented Safety Training\",\"potentialAction\":[{\"@type\":\"SearchAction\",\"target\":{\"@type\":\"EntryPoint\",\"urlTemplate\":\"https:\\\/\\\/posttraining.ca\\\/?s={search_term_string}\"},\"query-input\":{\"@type\":\"PropertyValueSpecification\",\"valueRequired\":true,\"valueName\":\"search_term_string\"}}],\"inLanguage\":\"fr-FR\"}]}<\/script>\n<!-- \/ Yoast SEO plugin. -->","yoast_head_json":{"title":"Plan du Site - POST Training","robots":{"index":"index","follow":"follow","max-snippet":"max-snippet:-1","max-image-preview":"max-image-preview:large","max-video-preview":"max-video-preview:-1"},"canonical":"https:\/\/posttraining.ca\/fr\/plan-du-site\/","og_locale":"fr_FR","og_type":"article","og_title":"Plan du Site - POST Training","og_url":"https:\/\/posttraining.ca\/fr\/plan-du-site\/","og_site_name":"POST Training","article_modified_time":"2016-07-13T19:58:51+00:00","twitter_card":"summary_large_image","schema":{"@context":"https:\/\/schema.org","@graph":[{"@type":"WebPage","@id":"https:\/\/posttraining.ca\/fr\/plan-du-site\/","url":"https:\/\/posttraining.ca\/fr\/plan-du-site\/","name":"Plan du Site - POST Training","isPartOf":{"@id":"https:\/\/posttraining.ca\/#website"},"datePublished":"2016-07-13T19:58:41+00:00","dateModified":"2016-07-13T19:58:51+00:00","breadcrumb":{"@id":"https:\/\/posttraining.ca\/fr\/plan-du-site\/#breadcrumb"},"inLanguage":"fr-FR","potentialAction":[{"@type":"ReadAction","target":["https:\/\/posttraining.ca\/fr\/plan-du-site\/"]}]},{"@type":"BreadcrumbList","@id":"https:\/\/posttraining.ca\/fr\/plan-du-site\/#breadcrumb","itemListElement":[{"@type":"ListItem","position":1,"name":"Home","item":"https:\/\/posttraining.ca\/"},{"@type":"ListItem","position":2,"name":"Plan du Site"}]},{"@type":"WebSite","@id":"https:\/\/posttraining.ca\/#website","url":"https:\/\/posttraining.ca\/","name":"POST Training","description":"Petroleum Oriented Safety Training","potentialAction":[{"@type":"SearchAction","target":{"@type":"EntryPoint","urlTemplate":"https:\/\/posttraining.ca\/?s={search_term_string}"},"query-input":{"@type":"PropertyValueSpecification","valueRequired":true,"valueName":"search_term_string"}}],"inLanguage":"fr-FR"}]}},"jetpack_sharing_enabled":true,"jetpack_shortlink":"https:\/\/wp.me\/P90ZUJ-3Y","_links":{"self":[{"href":"https:\/\/posttraining.ca\/fr\/wp-json\/wp\/v2\/pages\/246","targetHints":{"allow":["GET"]}}],"collection":[{"href":"https:\/\/posttraining.ca\/fr\/wp-json\/wp\/v2\/pages"}],"about":[{"href":"https:\/\/posttraining.ca\/fr\/wp-json\/wp\/v2\/types\/page"}],"author":[{"embeddable":true,"href":"https:\/\/posttraining.ca\/fr\/wp-json\/wp\/v2\/users\/2"}],"replies":[{"embeddable":true,"href":"https:\/\/posttraining.ca\/fr\/wp-json\/wp\/v2\/comments?post=246"}],"version-history":[{"count":1,"href":"https:\/\/posttraining.ca\/fr\/wp-json\/wp\/v2\/pages\/246\/revisions"}],"predecessor-version":[{"id":247,"href":"https:\/\/posttraining.ca\/fr\/wp-json\/wp\/v2\/pages\/246\/revisions\/247"}],"wp:attachment":[{"href":"https:\/\/posttraining.ca\/fr\/wp-json\/wp\/v2\/media?parent=246"}],"curies":[{"name":"wp","href":"https:\/\/api.w.org\/{rel}","templated":true}]}}