{"id":3164,"date":"2020-06-05T14:55:59","date_gmt":"2020-06-05T18:55:59","guid":{"rendered":"https:\/\/posttraining.ca\/?page_id=3164"},"modified":"2020-06-05T15:20:14","modified_gmt":"2020-06-05T19:20:14","slug":"ressources-sur-la-covid-19","status":"publish","type":"page","link":"https:\/\/posttraining.ca\/fr\/ressources\/ressources-sur-la-covid-19\/","title":{"rendered":"Ressources sur la COVID-19"},"content":{"rendered":"<div class=\"ArticleHeadlineText\" data-gcf-font-size=\"14pt\">Parce que le t\u00e9l\u00e9travail n&rsquo;est pas une option<\/div>\n<div>\n<div>Comme vous le constatez sans doute, les m\u00e9dias d\u00e9bordent d&rsquo;information sur ce sujet, et nous faisons de notre mieux pour vous fournir le plus de renseignements pertinents possible, y compris des liens vers des sources qui pourraient vous \u00eatre utiles. Les renseignements destin\u00e9s \u00e0 une province en particulier peuvent tout de m\u00eame \u00eatre utiles pour votre entreprise.<\/div>\n<div><\/div>\n<\/div>\n<p>&nbsp;<\/p>\n<div>\n<h3 id=\"wb-cont\" class=\"main-title\"><img loading=\"lazy\" decoding=\"async\" class=\"alignright size-medium wp-image-3165\" src=\"https:\/\/posttraining.ca\/wp-content\/uploads\/2020\/06\/covid_brand_2_lrg@3x-267x300.png\" alt=\"\" width=\"267\" height=\"300\" srcset=\"https:\/\/posttraining.ca\/wp-content\/uploads\/2020\/06\/covid_brand_2_lrg@3x-267x300.png 267w, https:\/\/posttraining.ca\/wp-content\/uploads\/2020\/06\/covid_brand_2_lrg@3x-150x169.png 150w, https:\/\/posttraining.ca\/wp-content\/uploads\/2020\/06\/covid_brand_2_lrg@3x.png 313w\" sizes=\"auto, (max-width: 267px) 100vw, 267px\" \/>Fiches-conseils en temps de pand\u00e9mie (COVID-19)\u00a0<span class=\"redBiggerBold\">NOUVEAU! GRATUIT!<\/span><\/h3>\n<p>Lignes directrices pour les emplois et les secteurs essentiels et \u00e0 haut risque pendant une pand\u00e9mie.<\/p>\n<\/div>\n<div>Suivez les lignes directrices fournies dans ces fiches-conseils gratuites pour vous aider dans le cadre de vos activit\u00e9s pendant une pand\u00e9mie, comme la pand\u00e9mie de maladie \u00e0 coronavirus (COVID-19). Chaque document fournit des conseils en mati\u00e8re de sant\u00e9 et s\u00e9curit\u00e9 et des pratiques exemplaires, pour les employeurs et les travailleurs, propres \u00e0 chaque industrie ou secteur. Les organisations et les entreprises peuvent suivre ces lignes directrices pour prot\u00e9ger leurs travailleurs et pr\u00e9venir la propagation d\u2019infections. Les fiches-conseils portent sur un \u00e9ventail d\u2019emplois et de secteurs, notamment la construction, le camionnage, les soins de sant\u00e9 et les garderies.<\/div>\n<div><\/div>\n<p>&nbsp;<\/p>\n<div><a href=\"https:\/\/www.cchst.ca\/products\/publications\/covid19\/\">Cliquez ici<\/a> pour information<\/div>\n<div><\/div>\n<p>&nbsp;<\/p>\n<div>\n<div>\n<div><strong>OMS<\/strong><\/div>\n<div>Sur son site Web, l&rsquo;Organisation mondiale de la Sant\u00e9 pr\u00e9sente les plus r\u00e9centes informations, y compris sous forme de graphiques. N&rsquo;h\u00e9sitez pas \u00e0 les afficher dans votre lieu de travail et \u00e0 les faire circuler sur les m\u00e9dias sociaux. Renseignez-vous en\u00a0<a href=\"https:\/\/www.who.int\/fr\/emergencies\/diseases\/novel-coronavirus-2019\" target=\"_blank\" rel=\"noopener noreferrer\" shape=\"rect\">cliquant ici<\/a>.<\/div>\n<\/div>\n<p>&nbsp;<\/p>\n<div>\n<div>\n<div><strong>Information du gouvernement du Canada<\/strong><\/div>\n<div><strong><a href=\"https:\/\/www.canada.ca\/fr\/sante-publique\/services\/maladies\/maladie-coronavirus-covid-19.html\" target=\"_blank\" rel=\"noopener noreferrer\" shape=\"rect\">https:\/\/www.canada.ca\/fr\/sante-publique\/services\/maladies\/maladie-coronavirus-covid-19.html<\/a><br \/>\n<\/strong><\/div>\n<div><\/div>\n<\/div>\n<\/div>\n<p>&nbsp;<\/p>\n<div>\n<div>\n<div><strong>ACC<\/strong><\/div>\n<div>L&rsquo;Association canadienne de la construction a rassembl\u00e9 des liens vers diff\u00e9rentes sources d&rsquo;information, y compris provinciales, au sujet de la COVID-19. Renseignez-vous en\u00a0<a href=\"https:\/\/www.cca-acc.com\/fr\/ressources-covid-19\/\" target=\"_blank\" rel=\"noopener noreferrer\" shape=\"rect\">cliquant ici<\/a>.<\/div>\n<\/div>\n<\/div>\n<p>&nbsp;<\/p>\n<div>\n<div>\n<div><strong>L&rsquo;Alliance de s\u00e9curit\u00e9 dans la construction de la Colombie-Britannique<\/strong>\u00a0(BC Construction Safety Alliance) affiche des directives pour adopter des pratiques de travail s\u00e9curitaires sur les chantiers.\u00a0<a href=\"https:\/\/posttraining.ca\/wp-content\/uploads\/2020\/03\/COVID-19-FAQs_2020Mar244.pdf\" target=\"_blank\" rel=\"noopener noreferrer\" shape=\"rect\">Cliquez ici<\/a>\u00a0pour t\u00e9l\u00e9charger ces directives (disponible en anglais seulement)<\/div>\n<\/div>\n<\/div>\n<p>&nbsp;<\/p>\n<div>\n<div>\n<div><em><strong>Liens suppl\u00e9mentaires<\/strong><\/em><\/div>\n<div><a shape=\"rect\">https:\/\/www.bccsa.ca\/index.php?id=451<\/a><br \/>\n<a shape=\"rect\">https:\/\/www.bccsa.ca\/index.php?id=453<\/a><br \/>\n<a shape=\"rect\">https:\/\/www.bccsa.ca\/index.php?id=455<\/a><\/div>\n<\/div>\n<\/div>\n<p>&nbsp;<\/p>\n<div>\n<div>\n<div><strong>L&rsquo;essentiel &#8211; Pr\u00e9caution \u00e0 envisager sur le chantier<\/strong><\/div>\n<\/div>\n<\/div>\n<p>&nbsp;<\/p>\n<div>\n<div>\n<div><strong>Politiques<\/strong><\/div>\n<div>Il est important que votre entreprise mette en \u0153uvre des politiques pour votre lieu de travail et vos chantiers pendant cette pand\u00e9mie. Par exemple, il ne faut pas oublier les cong\u00e9s de maladie des employ\u00e9s ou les cong\u00e9s lorsqu&rsquo;ils doivent prendre soin d&rsquo;un proche.<\/div>\n<\/div>\n<\/div>\n<p>&nbsp;<\/p>\n<div>\n<div>\n<div><strong>Hygi\u00e8ne personnelle<\/strong><\/div>\n<div>Il est essentiel d&rsquo;avoir une bonne hygi\u00e8ne personnelle lorsqu&rsquo;on travaille ou visite des lieux de travail ou des chantiers. Il s&rsquo;agit notamment de se laver les mains souvent, d&rsquo;\u00e9viter de se toucher le visage, l&rsquo;hygi\u00e8ne respiratoire (p. ex. tousser dans le creux du coude) et garder son \u00e9quipement de protection individuelle propre.<\/div>\n<\/div>\n<\/div>\n<p>&nbsp;<\/p>\n<div>\n<div>\n<div><strong>Distanciation sociale<\/strong><\/div>\n<div>Il faut garder au moins deux m\u00e8tres de distance entre les personnes et r\u00e9duire le nombre d&#8217;employ\u00e9s sur un lieu de travail.<\/div>\n<\/div>\n<\/div>\n<p>&nbsp;<\/p>\n<div>\n<div>\n<div><strong>Hygi\u00e8ne<\/strong><\/div>\n<div>Les employeurs doivent obligatoirement fournir des installations sanitaires et les garder propres.<\/div>\n<div><strong>S\u00e9paration<\/strong><\/div>\n<div>Les employeurs doivent obligatoirement suivre les protocoles applicables de sant\u00e9 et s\u00e9curit\u00e9 si un travailleur est atteint de la COVID-19.<\/div>\n<div><\/div>\n<\/div>\n<\/div>\n<p>&nbsp;<\/p>\n<div>\n<div>\n<div><strong>Lignes directrices juridiques pour les employeurs<\/strong><\/div>\n<div>La firme Weirfounds Law a r\u00e9cemment tenu un webinaire pour discuter des dispositifs que les entreprises peuvent mettre en place pour prot\u00e9ger leurs travailleurs. La firme a aussi pr\u00e9sent\u00e9 des mises \u00e0 jour juridiques concernant les r\u00e9percussions de la COVID-19 sur les lieux de travail.<\/div>\n<\/div>\n<\/div>\n<p>&nbsp;<\/p>\n<div>\n<div>\n<div><strong><em>Que faire si un travailleur refuse de travailler en raison de la COVID-19?<\/em><\/strong><\/div>\n<div>L&#8217;employeur a l&rsquo;obligation de prendre des pr\u00e9cautions raisonnables pour prot\u00e9ger la sant\u00e9 et la s\u00e9curit\u00e9 de ses employ\u00e9s.<\/div>\n<div>Lorsqu&rsquo;un employ\u00e9 a des raisons de croire qu&rsquo;il existe une situation dangereuse sur le lieu de travail, ou que ses fonctions pr\u00e9sentent un danger pour sa sant\u00e9 et sa s\u00e9curit\u00e9, il peut \u00eatre en mesure de refuser de se pr\u00e9senter au travail ou d&rsquo;effectuer certaines t\u00e2ches.<\/div>\n<\/div>\n<\/div>\n<p>&nbsp;<\/p>\n<div>\n<div>\n<div><em><strong>Que faire si un travailleur est atteint de la COVID-19?<\/strong><\/em><\/div>\n<div>Le travailleur ne doit pas \u00eatre autoris\u00e9 \u00e0 retourner sur le lieu de travail aussi longtemps qu&rsquo;il est infect\u00e9.<\/div>\n<\/div>\n<\/div>\n<p>&nbsp;<\/p>\n<div>\n<div>\n<div>Selon les conseils actuels des autorit\u00e9s sanitaires, tous les employ\u00e9s qui ont travaill\u00e9 \u00ab\u00a0\u00e0 proximit\u00e9\u00a0\u00bb de l&#8217;employ\u00e9 infect\u00e9 doivent \u00e9galement \u00eatre retir\u00e9s du lieu de travail pendant au moins 14 jours.<\/div>\n<\/div>\n<\/div>\n<p>&nbsp;<\/p>\n<div>\n<div>\n<div>Les employeurs doivent privil\u00e9gier la prudence.<\/div>\n<\/div>\n<\/div>\n<p>&nbsp;<\/p>\n<div>\n<div>\n<div>De plus, ils doivent prendre des mesures raisonnables pour prot\u00e9ger, dans la mesure du possible, l&rsquo;identit\u00e9 de l&#8217;employ\u00e9 atteint de la COVID-19.<\/div>\n<\/div>\n<\/div>\n<p>&nbsp;<\/p>\n<div>\n<div>\n<div>Vous trouverez de plus amples renseignements sur la fa\u00e7on de s&rsquo;adapter \u00e0 la COVID-19, l&rsquo;incidence de ce virus sur votre entreprise, et les moyens pour prot\u00e9ger les travailleurs sur le site Web de la firme Weirfoulds Law (en anglais seulement).<\/div>\n<\/div>\n<\/div>\n<p>&nbsp;<\/p>\n<div>\n<div>\n<div><em>Les renseignements et commentaires contenus dans le pr\u00e9sent document sont destin\u00e9s \u00e0 l&rsquo;information g\u00e9n\u00e9rale du lecteur et ne constituent pas des conseils ou des opinions \u00e0 prendre en compte dans des circonstances particuli\u00e8res. Pour une application particuli\u00e8re de la loi, le lecteur doit demander l&rsquo;avis d&rsquo;un professionnel. Les renseignements ont \u00e9t\u00e9 mis \u00e0 jour le 23\u00a0mars\u00a02020.<\/em><\/div>\n<\/div>\n<\/div>\n<\/div>\n","protected":false},"excerpt":{"rendered":"<p>Parce que le t\u00e9l\u00e9travail n&rsquo;est pas une option Comme vous le constatez sans doute, les m\u00e9dias d\u00e9bordent d&rsquo;information sur ce sujet, et nous faisons de notre mieux pour vous fournir <a class=\"more-link\" href=\"https:\/\/posttraining.ca\/fr\/ressources\/ressources-sur-la-covid-19\/\">Continue Reading &rarr;<\/a><\/p>\n","protected":false},"author":3,"featured_media":0,"parent":132,"menu_order":0,"comment_status":"closed","ping_status":"closed","template":"","meta":{"footnotes":""},"class_list":["post-3164","page","type-page","status-publish","hentry"],"ams_acf":[],"yoast_head":"<!-- This site is optimized with the Yoast SEO plugin v27.5 - https:\/\/yoast.com\/product\/yoast-seo-wordpress\/ -->\n<title>Ressources sur la COVID-19 - POST Training<\/title>\n<meta name=\"robots\" content=\"index, follow, max-snippet:-1, max-image-preview:large, max-video-preview:-1\" \/>\n<link rel=\"canonical\" href=\"https:\/\/posttraining.ca\/fr\/ressources\/ressources-sur-la-covid-19\/\" \/>\n<meta property=\"og:locale\" content=\"fr_FR\" \/>\n<meta property=\"og:type\" content=\"article\" \/>\n<meta property=\"og:title\" content=\"Ressources sur la COVID-19 - POST Training\" \/>\n<meta property=\"og:description\" content=\"Parce que le t\u00e9l\u00e9travail n&rsquo;est pas une option Comme vous le constatez sans doute, les m\u00e9dias d\u00e9bordent d&rsquo;information sur ce sujet, et nous faisons de notre mieux pour vous fournir Continue Reading &rarr;\" \/>\n<meta property=\"og:url\" content=\"https:\/\/posttraining.ca\/fr\/ressources\/ressources-sur-la-covid-19\/\" \/>\n<meta property=\"og:site_name\" content=\"POST Training\" \/>\n<meta property=\"article:modified_time\" content=\"2020-06-05T19:20:14+00:00\" \/>\n<meta property=\"og:image\" content=\"https:\/\/posttraining.ca\/wp-content\/uploads\/2020\/06\/covid_brand_2_lrg@3x-267x300.png\" \/>\n<meta name=\"twitter:card\" content=\"summary_large_image\" \/>\n<meta name=\"twitter:label1\" content=\"Dur\u00e9e de lecture estim\u00e9e\" \/>\n\t<meta name=\"twitter:data1\" content=\"4 minutes\" \/>\n<script type=\"application\/ld+json\" class=\"yoast-schema-graph\">{\"@context\":\"https:\\\/\\\/schema.org\",\"@graph\":[{\"@type\":\"WebPage\",\"@id\":\"https:\\\/\\\/posttraining.ca\\\/fr\\\/ressources\\\/ressources-sur-la-covid-19\\\/\",\"url\":\"https:\\\/\\\/posttraining.ca\\\/fr\\\/ressources\\\/ressources-sur-la-covid-19\\\/\",\"name\":\"Ressources sur la COVID-19 - POST Training\",\"isPartOf\":{\"@id\":\"https:\\\/\\\/posttraining.ca\\\/#website\"},\"primaryImageOfPage\":{\"@id\":\"https:\\\/\\\/posttraining.ca\\\/fr\\\/ressources\\\/ressources-sur-la-covid-19\\\/#primaryimage\"},\"image\":{\"@id\":\"https:\\\/\\\/posttraining.ca\\\/fr\\\/ressources\\\/ressources-sur-la-covid-19\\\/#primaryimage\"},\"thumbnailUrl\":\"https:\\\/\\\/posttraining.ca\\\/wp-content\\\/uploads\\\/2020\\\/06\\\/covid_brand_2_lrg@3x-267x300.png\",\"datePublished\":\"2020-06-05T18:55:59+00:00\",\"dateModified\":\"2020-06-05T19:20:14+00:00\",\"breadcrumb\":{\"@id\":\"https:\\\/\\\/posttraining.ca\\\/fr\\\/ressources\\\/ressources-sur-la-covid-19\\\/#breadcrumb\"},\"inLanguage\":\"fr-FR\",\"potentialAction\":[{\"@type\":\"ReadAction\",\"target\":[\"https:\\\/\\\/posttraining.ca\\\/fr\\\/ressources\\\/ressources-sur-la-covid-19\\\/\"]}]},{\"@type\":\"ImageObject\",\"inLanguage\":\"fr-FR\",\"@id\":\"https:\\\/\\\/posttraining.ca\\\/fr\\\/ressources\\\/ressources-sur-la-covid-19\\\/#primaryimage\",\"url\":\"https:\\\/\\\/posttraining.ca\\\/wp-content\\\/uploads\\\/2020\\\/06\\\/covid_brand_2_lrg@3x-267x300.png\",\"contentUrl\":\"https:\\\/\\\/posttraining.ca\\\/wp-content\\\/uploads\\\/2020\\\/06\\\/covid_brand_2_lrg@3x-267x300.png\"},{\"@type\":\"BreadcrumbList\",\"@id\":\"https:\\\/\\\/posttraining.ca\\\/fr\\\/ressources\\\/ressources-sur-la-covid-19\\\/#breadcrumb\",\"itemListElement\":[{\"@type\":\"ListItem\",\"position\":1,\"name\":\"Home\",\"item\":\"https:\\\/\\\/posttraining.ca\\\/\"},{\"@type\":\"ListItem\",\"position\":2,\"name\":\"Ressources\",\"item\":\"https:\\\/\\\/posttraining.ca\\\/fr\\\/ressources\\\/\"},{\"@type\":\"ListItem\",\"position\":3,\"name\":\"Ressources sur la COVID-19\"}]},{\"@type\":\"WebSite\",\"@id\":\"https:\\\/\\\/posttraining.ca\\\/#website\",\"url\":\"https:\\\/\\\/posttraining.ca\\\/\",\"name\":\"POST Training\",\"description\":\"Petroleum Oriented Safety Training\",\"potentialAction\":[{\"@type\":\"SearchAction\",\"target\":{\"@type\":\"EntryPoint\",\"urlTemplate\":\"https:\\\/\\\/posttraining.ca\\\/?s={search_term_string}\"},\"query-input\":{\"@type\":\"PropertyValueSpecification\",\"valueRequired\":true,\"valueName\":\"search_term_string\"}}],\"inLanguage\":\"fr-FR\"}]}<\/script>\n<!-- \/ Yoast SEO plugin. -->","yoast_head_json":{"title":"Ressources sur la COVID-19 - POST Training","robots":{"index":"index","follow":"follow","max-snippet":"max-snippet:-1","max-image-preview":"max-image-preview:large","max-video-preview":"max-video-preview:-1"},"canonical":"https:\/\/posttraining.ca\/fr\/ressources\/ressources-sur-la-covid-19\/","og_locale":"fr_FR","og_type":"article","og_title":"Ressources sur la COVID-19 - POST Training","og_description":"Parce que le t\u00e9l\u00e9travail n&rsquo;est pas une option Comme vous le constatez sans doute, les m\u00e9dias d\u00e9bordent d&rsquo;information sur ce sujet, et nous faisons de notre mieux pour vous fournir Continue Reading &rarr;","og_url":"https:\/\/posttraining.ca\/fr\/ressources\/ressources-sur-la-covid-19\/","og_site_name":"POST Training","article_modified_time":"2020-06-05T19:20:14+00:00","og_image":[{"url":"https:\/\/posttraining.ca\/wp-content\/uploads\/2020\/06\/covid_brand_2_lrg@3x-267x300.png","type":"","width":"","height":""}],"twitter_card":"summary_large_image","twitter_misc":{"Dur\u00e9e de lecture estim\u00e9e":"4 minutes"},"schema":{"@context":"https:\/\/schema.org","@graph":[{"@type":"WebPage","@id":"https:\/\/posttraining.ca\/fr\/ressources\/ressources-sur-la-covid-19\/","url":"https:\/\/posttraining.ca\/fr\/ressources\/ressources-sur-la-covid-19\/","name":"Ressources sur la COVID-19 - POST Training","isPartOf":{"@id":"https:\/\/posttraining.ca\/#website"},"primaryImageOfPage":{"@id":"https:\/\/posttraining.ca\/fr\/ressources\/ressources-sur-la-covid-19\/#primaryimage"},"image":{"@id":"https:\/\/posttraining.ca\/fr\/ressources\/ressources-sur-la-covid-19\/#primaryimage"},"thumbnailUrl":"https:\/\/posttraining.ca\/wp-content\/uploads\/2020\/06\/covid_brand_2_lrg@3x-267x300.png","datePublished":"2020-06-05T18:55:59+00:00","dateModified":"2020-06-05T19:20:14+00:00","breadcrumb":{"@id":"https:\/\/posttraining.ca\/fr\/ressources\/ressources-sur-la-covid-19\/#breadcrumb"},"inLanguage":"fr-FR","potentialAction":[{"@type":"ReadAction","target":["https:\/\/posttraining.ca\/fr\/ressources\/ressources-sur-la-covid-19\/"]}]},{"@type":"ImageObject","inLanguage":"fr-FR","@id":"https:\/\/posttraining.ca\/fr\/ressources\/ressources-sur-la-covid-19\/#primaryimage","url":"https:\/\/posttraining.ca\/wp-content\/uploads\/2020\/06\/covid_brand_2_lrg@3x-267x300.png","contentUrl":"https:\/\/posttraining.ca\/wp-content\/uploads\/2020\/06\/covid_brand_2_lrg@3x-267x300.png"},{"@type":"BreadcrumbList","@id":"https:\/\/posttraining.ca\/fr\/ressources\/ressources-sur-la-covid-19\/#breadcrumb","itemListElement":[{"@type":"ListItem","position":1,"name":"Home","item":"https:\/\/posttraining.ca\/"},{"@type":"ListItem","position":2,"name":"Ressources","item":"https:\/\/posttraining.ca\/fr\/ressources\/"},{"@type":"ListItem","position":3,"name":"Ressources sur la COVID-19"}]},{"@type":"WebSite","@id":"https:\/\/posttraining.ca\/#website","url":"https:\/\/posttraining.ca\/","name":"POST Training","description":"Petroleum Oriented Safety Training","potentialAction":[{"@type":"SearchAction","target":{"@type":"EntryPoint","urlTemplate":"https:\/\/posttraining.ca\/?s={search_term_string}"},"query-input":{"@type":"PropertyValueSpecification","valueRequired":true,"valueName":"search_term_string"}}],"inLanguage":"fr-FR"}]}},"jetpack_sharing_enabled":true,"jetpack_shortlink":"https:\/\/wp.me\/P90ZUJ-P2","_links":{"self":[{"href":"https:\/\/posttraining.ca\/fr\/wp-json\/wp\/v2\/pages\/3164","targetHints":{"allow":["GET"]}}],"collection":[{"href":"https:\/\/posttraining.ca\/fr\/wp-json\/wp\/v2\/pages"}],"about":[{"href":"https:\/\/posttraining.ca\/fr\/wp-json\/wp\/v2\/types\/page"}],"author":[{"embeddable":true,"href":"https:\/\/posttraining.ca\/fr\/wp-json\/wp\/v2\/users\/3"}],"replies":[{"embeddable":true,"href":"https:\/\/posttraining.ca\/fr\/wp-json\/wp\/v2\/comments?post=3164"}],"version-history":[{"count":8,"href":"https:\/\/posttraining.ca\/fr\/wp-json\/wp\/v2\/pages\/3164\/revisions"}],"predecessor-version":[{"id":3174,"href":"https:\/\/posttraining.ca\/fr\/wp-json\/wp\/v2\/pages\/3164\/revisions\/3174"}],"up":[{"embeddable":true,"href":"https:\/\/posttraining.ca\/fr\/wp-json\/wp\/v2\/pages\/132"}],"wp:attachment":[{"href":"https:\/\/posttraining.ca\/fr\/wp-json\/wp\/v2\/media?parent=3164"}],"curies":[{"name":"wp","href":"https:\/\/api.w.org\/{rel}","templated":true}]}}