{"id":3177,"date":"2020-06-05T16:16:38","date_gmt":"2020-06-05T20:16:38","guid":{"rendered":"https:\/\/posttraining.ca\/?page_id=3177"},"modified":"2020-06-05T16:23:20","modified_gmt":"2020-06-05T20:23:20","slug":"securite-par-temps-chaud","status":"publish","type":"page","link":"https:\/\/posttraining.ca\/fr\/securite-par-temps-chaud\/","title":{"rendered":"S\u00e9curit\u00e9 par temps chaud"},"content":{"rendered":"<p><strong><img loading=\"lazy\" decoding=\"async\" class=\"alignright size-medium wp-image-3180\" src=\"https:\/\/posttraining.ca\/wp-content\/uploads\/2020\/06\/heat-sun-300x300.jpg\" alt=\"\" width=\"300\" height=\"300\" srcset=\"https:\/\/posttraining.ca\/wp-content\/uploads\/2020\/06\/heat-sun-300x300.jpg 300w, https:\/\/posttraining.ca\/wp-content\/uploads\/2020\/06\/heat-sun-150x150.jpg 150w, https:\/\/posttraining.ca\/wp-content\/uploads\/2020\/06\/heat-sun-50x50.jpg 50w, https:\/\/posttraining.ca\/wp-content\/uploads\/2020\/06\/heat-sun.jpg 480w\" sizes=\"auto, (max-width: 300px) 100vw, 300px\" \/>Stress d\u00fb \u00e0 la chaleur : Comment travailler de fa\u00e7on s\u00e9curitaire dans des conditions de forte<\/strong><strong>\u00a0chaleur?<\/strong><\/p>\n<p>S\u2019adonner \u00e0 une activit\u00e9 physique dans des lieux o\u00f9 il fait chaud impose un stress au syst\u00e8me de refroidissement de notre organisme. Plus votre corps travaille, plus votre organisme doit dissiper la chaleur pour maintenir l\u2019 \u00e9quilibre de sa temp\u00e9rature. Le stress d\u00fb \u00e0 la chaleur environnante peut infliger une tension suppl\u00e9mentaire \u00e0 votre corps, ce qui peut entra\u00eener de la fatigue, une d\u00e9shydratation, des maladies li\u00e9es \u00e0 la chaleur et m\u00eame la mort.<\/p>\n<p>Dans les fonderies, les aci\u00e9ries, les boulangeries, les affineries, les verreries et les foyers, la chaleur provient principalement des mat\u00e9riaux extr\u00eamement chauds ou fondus. Concernant les activit\u00e9s en ext\u00e9rieur, telles que la construction, les travaux de voirie, l\u2019exploitation \u00e0 ciel ouvert et l\u2019agriculture, le soleil en \u00e9t\u00e9 est la principale source de chaleur. Dans les blanchisseries, les cuisines de restaurant et les conserveries, un taux \u00e9lev\u00e9 d\u2019humidit\u00e9 s\u2019ajoute \u00e0 l\u2019inconfort caus\u00e9 par la chaleur. Dans tous les cas, la source du stress d\u00fb \u00e0 la chaleur dans un environnement de travail peut accabler la capacit\u00e9 du corps \u00e0 g\u00e9rer la chaleur.<\/p>\n<p>La plupart des personnes se sentent \u00e0 l\u2019aise lorsque la temp\u00e9rature se trouve entre 20\u00a0\u00b0C et 27\u00a0\u00b0C et que le taux d&rsquo;humidit\u00e9 varie de 35 \u00e0 60\u00a0%. Lorsque la temp\u00e9rature de l\u2019air ou le taux d\u2019humidit\u00e9 sont sup\u00e9rieurs \u00e0 ces chiffres, cette situation devient p\u00e9nible. Cela ne fera pas de tort tant que le corps r\u00e9ussit \u00e0 s\u2019adapter et \u00e0 g\u00e9rer la chaleur suppl\u00e9mentaire. Les environnements o\u00f9 la chaleur est tr\u00e8s \u00e9lev\u00e9e peuvent \u00eatre accablants pour les m\u00e9canismes d\u2019adaptation du corps, ce qui peut entra\u00eener divers \u00e9tats graves et dans certains cas, fatals.<\/p>\n<p>Lorsque la temp\u00e9rature de l\u2019air ou le taux d\u2019humidit\u00e9 d\u00e9passent les valeurs optimales de confort, des probl\u00e8mes peuvent survenir. Les premiers effets caus\u00e9s sont de nature subjective; ils sont li\u00e9s \u00e0 ce que vous ressentez. L&rsquo;exposition \u00e0 un stress d\u00fb \u00e0 la chaleur accru peut causer des probl\u00e8mes physiques qui peuvent alt\u00e9rer l&rsquo;efficacit\u00e9 du travailler et entra\u00eener des effets n\u00e9fastes pour la sant\u00e9.<\/p>\n<p>Pour plus d&rsquo;informations, t\u00e9l\u00e9chargez le guide ci-dessous<\/p>\n<blockquote class=\"wp-embedded-content\" data-secret=\"JhyDBliw7F\"><p><a href=\"https:\/\/posttraining.ca\/fr\/stress-du-a-la-chaleur-heat-stress-french\/\">Stress du a la chaleur-Heat stress-FRENCH<\/a><\/p><\/blockquote>\n<p><iframe loading=\"lazy\" class=\"wp-embedded-content\" sandbox=\"allow-scripts\" security=\"restricted\" style=\"position: absolute; clip: rect(1px, 1px, 1px, 1px);\" title=\"\u00ab\u00a0Stress du a la chaleur-Heat stress-FRENCH\u00a0\u00bb &#8212; POST Training\" src=\"https:\/\/posttraining.ca\/fr\/stress-du-a-la-chaleur-heat-stress-french\/embed\/#?secret=pxGZ8jNKP9#?secret=JhyDBliw7F\" data-secret=\"JhyDBliw7F\" width=\"600\" height=\"338\" frameborder=\"0\" marginwidth=\"0\" marginheight=\"0\" scrolling=\"no\"><\/iframe><\/p>\n","protected":false},"excerpt":{"rendered":"<p>Stress d\u00fb \u00e0 la chaleur : Comment travailler de fa\u00e7on s\u00e9curitaire dans des conditions de forte\u00a0chaleur? S\u2019adonner \u00e0 une activit\u00e9 physique dans des lieux o\u00f9 il fait chaud impose un <a class=\"more-link\" href=\"https:\/\/posttraining.ca\/fr\/securite-par-temps-chaud\/\">Continue Reading &rarr;<\/a><\/p>\n","protected":false},"author":3,"featured_media":0,"parent":0,"menu_order":0,"comment_status":"closed","ping_status":"closed","template":"","meta":{"jetpack_post_was_ever_published":false,"footnotes":""},"class_list":["post-3177","page","type-page","status-publish","hentry"],"ams_acf":[],"yoast_head":"<!-- This site is optimized with the Yoast SEO plugin v27.4 - https:\/\/yoast.com\/product\/yoast-seo-wordpress\/ -->\n<title>S\u00e9curit\u00e9 par temps chaud - POST Training<\/title>\n<meta name=\"robots\" content=\"index, follow, max-snippet:-1, max-image-preview:large, max-video-preview:-1\" \/>\n<link rel=\"canonical\" href=\"https:\/\/posttraining.ca\/fr\/securite-par-temps-chaud\/\" \/>\n<meta property=\"og:locale\" content=\"fr_FR\" \/>\n<meta property=\"og:type\" content=\"article\" \/>\n<meta property=\"og:title\" content=\"S\u00e9curit\u00e9 par temps chaud - POST Training\" \/>\n<meta property=\"og:description\" content=\"Stress d\u00fb \u00e0 la chaleur : Comment travailler de fa\u00e7on s\u00e9curitaire dans des conditions de forte\u00a0chaleur? S\u2019adonner \u00e0 une activit\u00e9 physique dans des lieux o\u00f9 il fait chaud impose un Continue Reading &rarr;\" \/>\n<meta property=\"og:url\" content=\"https:\/\/posttraining.ca\/fr\/securite-par-temps-chaud\/\" \/>\n<meta property=\"og:site_name\" content=\"POST Training\" \/>\n<meta property=\"article:modified_time\" content=\"2020-06-05T20:23:20+00:00\" \/>\n<meta property=\"og:image\" content=\"https:\/\/posttraining.ca\/wp-content\/uploads\/2020\/06\/heat-sun-300x300.jpg\" \/>\n<meta name=\"twitter:card\" content=\"summary_large_image\" \/>\n<meta name=\"twitter:label1\" content=\"Dur\u00e9e de lecture estim\u00e9e\" \/>\n\t<meta name=\"twitter:data1\" content=\"2 minutes\" \/>\n<script type=\"application\/ld+json\" class=\"yoast-schema-graph\">{\"@context\":\"https:\\\/\\\/schema.org\",\"@graph\":[{\"@type\":\"WebPage\",\"@id\":\"https:\\\/\\\/posttraining.ca\\\/fr\\\/securite-par-temps-chaud\\\/\",\"url\":\"https:\\\/\\\/posttraining.ca\\\/fr\\\/securite-par-temps-chaud\\\/\",\"name\":\"S\u00e9curit\u00e9 par temps chaud - POST Training\",\"isPartOf\":{\"@id\":\"https:\\\/\\\/posttraining.ca\\\/#website\"},\"primaryImageOfPage\":{\"@id\":\"https:\\\/\\\/posttraining.ca\\\/fr\\\/securite-par-temps-chaud\\\/#primaryimage\"},\"image\":{\"@id\":\"https:\\\/\\\/posttraining.ca\\\/fr\\\/securite-par-temps-chaud\\\/#primaryimage\"},\"thumbnailUrl\":\"https:\\\/\\\/posttraining.ca\\\/wp-content\\\/uploads\\\/2020\\\/06\\\/heat-sun-300x300.jpg\",\"datePublished\":\"2020-06-05T20:16:38+00:00\",\"dateModified\":\"2020-06-05T20:23:20+00:00\",\"breadcrumb\":{\"@id\":\"https:\\\/\\\/posttraining.ca\\\/fr\\\/securite-par-temps-chaud\\\/#breadcrumb\"},\"inLanguage\":\"fr-FR\",\"potentialAction\":[{\"@type\":\"ReadAction\",\"target\":[\"https:\\\/\\\/posttraining.ca\\\/fr\\\/securite-par-temps-chaud\\\/\"]}]},{\"@type\":\"ImageObject\",\"inLanguage\":\"fr-FR\",\"@id\":\"https:\\\/\\\/posttraining.ca\\\/fr\\\/securite-par-temps-chaud\\\/#primaryimage\",\"url\":\"https:\\\/\\\/posttraining.ca\\\/wp-content\\\/uploads\\\/2020\\\/06\\\/heat-sun-300x300.jpg\",\"contentUrl\":\"https:\\\/\\\/posttraining.ca\\\/wp-content\\\/uploads\\\/2020\\\/06\\\/heat-sun-300x300.jpg\"},{\"@type\":\"BreadcrumbList\",\"@id\":\"https:\\\/\\\/posttraining.ca\\\/fr\\\/securite-par-temps-chaud\\\/#breadcrumb\",\"itemListElement\":[{\"@type\":\"ListItem\",\"position\":1,\"name\":\"Home\",\"item\":\"https:\\\/\\\/posttraining.ca\\\/\"},{\"@type\":\"ListItem\",\"position\":2,\"name\":\"S\u00e9curit\u00e9 par temps chaud\"}]},{\"@type\":\"WebSite\",\"@id\":\"https:\\\/\\\/posttraining.ca\\\/#website\",\"url\":\"https:\\\/\\\/posttraining.ca\\\/\",\"name\":\"POST Training\",\"description\":\"Petroleum Oriented Safety Training\",\"potentialAction\":[{\"@type\":\"SearchAction\",\"target\":{\"@type\":\"EntryPoint\",\"urlTemplate\":\"https:\\\/\\\/posttraining.ca\\\/?s={search_term_string}\"},\"query-input\":{\"@type\":\"PropertyValueSpecification\",\"valueRequired\":true,\"valueName\":\"search_term_string\"}}],\"inLanguage\":\"fr-FR\"}]}<\/script>\n<!-- \/ Yoast SEO plugin. -->","yoast_head_json":{"title":"S\u00e9curit\u00e9 par temps chaud - POST Training","robots":{"index":"index","follow":"follow","max-snippet":"max-snippet:-1","max-image-preview":"max-image-preview:large","max-video-preview":"max-video-preview:-1"},"canonical":"https:\/\/posttraining.ca\/fr\/securite-par-temps-chaud\/","og_locale":"fr_FR","og_type":"article","og_title":"S\u00e9curit\u00e9 par temps chaud - POST Training","og_description":"Stress d\u00fb \u00e0 la chaleur : Comment travailler de fa\u00e7on s\u00e9curitaire dans des conditions de forte\u00a0chaleur? S\u2019adonner \u00e0 une activit\u00e9 physique dans des lieux o\u00f9 il fait chaud impose un Continue Reading &rarr;","og_url":"https:\/\/posttraining.ca\/fr\/securite-par-temps-chaud\/","og_site_name":"POST Training","article_modified_time":"2020-06-05T20:23:20+00:00","og_image":[{"url":"https:\/\/posttraining.ca\/wp-content\/uploads\/2020\/06\/heat-sun-300x300.jpg","type":"","width":"","height":""}],"twitter_card":"summary_large_image","twitter_misc":{"Dur\u00e9e de lecture estim\u00e9e":"2 minutes"},"schema":{"@context":"https:\/\/schema.org","@graph":[{"@type":"WebPage","@id":"https:\/\/posttraining.ca\/fr\/securite-par-temps-chaud\/","url":"https:\/\/posttraining.ca\/fr\/securite-par-temps-chaud\/","name":"S\u00e9curit\u00e9 par temps chaud - POST Training","isPartOf":{"@id":"https:\/\/posttraining.ca\/#website"},"primaryImageOfPage":{"@id":"https:\/\/posttraining.ca\/fr\/securite-par-temps-chaud\/#primaryimage"},"image":{"@id":"https:\/\/posttraining.ca\/fr\/securite-par-temps-chaud\/#primaryimage"},"thumbnailUrl":"https:\/\/posttraining.ca\/wp-content\/uploads\/2020\/06\/heat-sun-300x300.jpg","datePublished":"2020-06-05T20:16:38+00:00","dateModified":"2020-06-05T20:23:20+00:00","breadcrumb":{"@id":"https:\/\/posttraining.ca\/fr\/securite-par-temps-chaud\/#breadcrumb"},"inLanguage":"fr-FR","potentialAction":[{"@type":"ReadAction","target":["https:\/\/posttraining.ca\/fr\/securite-par-temps-chaud\/"]}]},{"@type":"ImageObject","inLanguage":"fr-FR","@id":"https:\/\/posttraining.ca\/fr\/securite-par-temps-chaud\/#primaryimage","url":"https:\/\/posttraining.ca\/wp-content\/uploads\/2020\/06\/heat-sun-300x300.jpg","contentUrl":"https:\/\/posttraining.ca\/wp-content\/uploads\/2020\/06\/heat-sun-300x300.jpg"},{"@type":"BreadcrumbList","@id":"https:\/\/posttraining.ca\/fr\/securite-par-temps-chaud\/#breadcrumb","itemListElement":[{"@type":"ListItem","position":1,"name":"Home","item":"https:\/\/posttraining.ca\/"},{"@type":"ListItem","position":2,"name":"S\u00e9curit\u00e9 par temps chaud"}]},{"@type":"WebSite","@id":"https:\/\/posttraining.ca\/#website","url":"https:\/\/posttraining.ca\/","name":"POST Training","description":"Petroleum Oriented Safety Training","potentialAction":[{"@type":"SearchAction","target":{"@type":"EntryPoint","urlTemplate":"https:\/\/posttraining.ca\/?s={search_term_string}"},"query-input":{"@type":"PropertyValueSpecification","valueRequired":true,"valueName":"search_term_string"}}],"inLanguage":"fr-FR"}]}},"jetpack_sharing_enabled":true,"jetpack_shortlink":"https:\/\/wp.me\/P90ZUJ-Pf","_links":{"self":[{"href":"https:\/\/posttraining.ca\/fr\/wp-json\/wp\/v2\/pages\/3177","targetHints":{"allow":["GET"]}}],"collection":[{"href":"https:\/\/posttraining.ca\/fr\/wp-json\/wp\/v2\/pages"}],"about":[{"href":"https:\/\/posttraining.ca\/fr\/wp-json\/wp\/v2\/types\/page"}],"author":[{"embeddable":true,"href":"https:\/\/posttraining.ca\/fr\/wp-json\/wp\/v2\/users\/3"}],"replies":[{"embeddable":true,"href":"https:\/\/posttraining.ca\/fr\/wp-json\/wp\/v2\/comments?post=3177"}],"version-history":[{"count":2,"href":"https:\/\/posttraining.ca\/fr\/wp-json\/wp\/v2\/pages\/3177\/revisions"}],"predecessor-version":[{"id":3182,"href":"https:\/\/posttraining.ca\/fr\/wp-json\/wp\/v2\/pages\/3177\/revisions\/3182"}],"wp:attachment":[{"href":"https:\/\/posttraining.ca\/fr\/wp-json\/wp\/v2\/media?parent=3177"}],"curies":[{"name":"wp","href":"https:\/\/api.w.org\/{rel}","templated":true}]}}