{"id":3565,"date":"2020-12-21T13:34:19","date_gmt":"2020-12-21T18:34:19","guid":{"rendered":"https:\/\/posttraining.ca\/?page_id=3565"},"modified":"2020-12-21T13:34:19","modified_gmt":"2020-12-21T18:34:19","slug":"guide-post-sur-le-travail-en-hiver","status":"publish","type":"page","link":"https:\/\/posttraining.ca\/fr\/guide-post-sur-le-travail-en-hiver\/","title":{"rendered":"Guide POST sur le travail en hiver"},"content":{"rendered":"<p><strong><img loading=\"lazy\" decoding=\"async\" class=\"alignright wp-image-3567\" src=\"https:\/\/posttraining.ca\/wp-content\/uploads\/2020\/12\/POST-WORKING-IN-WINTER-image-FR.png\" alt=\"\" width=\"240\" height=\"263\" srcset=\"https:\/\/posttraining.ca\/wp-content\/uploads\/2020\/12\/POST-WORKING-IN-WINTER-image-FR.png 521w, https:\/\/posttraining.ca\/wp-content\/uploads\/2020\/12\/POST-WORKING-IN-WINTER-image-FR-273x300.png 273w, https:\/\/posttraining.ca\/wp-content\/uploads\/2020\/12\/POST-WORKING-IN-WINTER-image-FR-150x165.png 150w, https:\/\/posttraining.ca\/wp-content\/uploads\/2020\/12\/POST-WORKING-IN-WINTER-image-FR-455x500.png 455w\" sizes=\"auto, (max-width: 240px) 100vw, 240px\" \/>Assurez votre s\u00e9curit\u00e9 et celle de vos employ\u00e9s cet hiver en suivant les consignes du POST et du CCHST<\/strong><\/p>\n<p><strong><em>Guide POST sur le travail en hiver<\/em><\/strong><\/p>\n<p>Le guide POST (petroleum oriented safety training, ou formation de s\u00e9curit\u00e9 pour le secteur p\u00e9trolier) comprend des pratiques de travail s\u00e9curitaires, y compris des suggestions d\u2019horaires de pause, des proc\u00e9dures d\u2019urgence et des recommandations de v\u00eatements pour rester au chaud.<\/p>\n<p><a href=\"https:\/\/posttraining.ca\/wp-content\/uploads\/2020\/12\/Travallier_en_hiver_2020.pdf\">T\u00e9l\u00e9chargez le guide POST<\/a> (s\u00e9curit\u00e9 dans le domaine p\u00e9trolier) pour les conditions hivernales.<\/p>\n","protected":false},"excerpt":{"rendered":"<p>Assurez votre s\u00e9curit\u00e9 et celle de vos employ\u00e9s cet hiver en suivant les consignes du POST et du CCHST Guide POST sur le travail en hiver Le guide POST (petroleum <a class=\"more-link\" href=\"https:\/\/posttraining.ca\/fr\/guide-post-sur-le-travail-en-hiver\/\">Continue Reading &rarr;<\/a><\/p>\n","protected":false},"author":3,"featured_media":0,"parent":0,"menu_order":0,"comment_status":"closed","ping_status":"closed","template":"","meta":{"jetpack_post_was_ever_published":false,"footnotes":""},"class_list":["post-3565","page","type-page","status-publish","hentry"],"ams_acf":[],"yoast_head":"<!-- This site is optimized with the Yoast SEO plugin v27.4 - https:\/\/yoast.com\/product\/yoast-seo-wordpress\/ -->\n<title>Guide POST sur le travail en hiver - POST Training<\/title>\n<meta name=\"description\" content=\"Le guide POST (petroleum oriented safety training, ou formation de s\u00e9curit\u00e9 pour le secteur p\u00e9trolier) comprend des pratiques de travail s\u00e9curitaires, y compris des suggestions d\u2019horaires de pause, des proc\u00e9dures d\u2019urgence et des recommandations de v\u00eatements pour rester au chaud.\" \/>\n<meta name=\"robots\" content=\"index, follow, max-snippet:-1, max-image-preview:large, max-video-preview:-1\" \/>\n<link rel=\"canonical\" href=\"https:\/\/posttraining.ca\/fr\/guide-post-sur-le-travail-en-hiver\/\" \/>\n<meta property=\"og:locale\" content=\"fr_FR\" \/>\n<meta property=\"og:type\" content=\"article\" \/>\n<meta property=\"og:title\" content=\"Guide POST sur le travail en hiver - POST Training\" \/>\n<meta property=\"og:description\" content=\"Le guide POST (petroleum oriented safety training, ou formation de s\u00e9curit\u00e9 pour le secteur p\u00e9trolier) comprend des pratiques de travail s\u00e9curitaires, y compris des suggestions d\u2019horaires de pause, des proc\u00e9dures d\u2019urgence et des recommandations de v\u00eatements pour rester au chaud.\" \/>\n<meta property=\"og:url\" content=\"https:\/\/posttraining.ca\/fr\/guide-post-sur-le-travail-en-hiver\/\" \/>\n<meta property=\"og:site_name\" content=\"POST Training\" \/>\n<meta property=\"og:image\" content=\"https:\/\/posttraining.ca\/wp-content\/uploads\/2020\/12\/POST-WORKING-IN-WINTER-image-FR.png\" \/>\n<meta name=\"twitter:card\" content=\"summary_large_image\" \/>\n<script type=\"application\/ld+json\" class=\"yoast-schema-graph\">{\"@context\":\"https:\\\/\\\/schema.org\",\"@graph\":[{\"@type\":\"WebPage\",\"@id\":\"https:\\\/\\\/posttraining.ca\\\/fr\\\/guide-post-sur-le-travail-en-hiver\\\/\",\"url\":\"https:\\\/\\\/posttraining.ca\\\/fr\\\/guide-post-sur-le-travail-en-hiver\\\/\",\"name\":\"Guide POST sur le travail en hiver - POST Training\",\"isPartOf\":{\"@id\":\"https:\\\/\\\/posttraining.ca\\\/#website\"},\"primaryImageOfPage\":{\"@id\":\"https:\\\/\\\/posttraining.ca\\\/fr\\\/guide-post-sur-le-travail-en-hiver\\\/#primaryimage\"},\"image\":{\"@id\":\"https:\\\/\\\/posttraining.ca\\\/fr\\\/guide-post-sur-le-travail-en-hiver\\\/#primaryimage\"},\"thumbnailUrl\":\"https:\\\/\\\/posttraining.ca\\\/wp-content\\\/uploads\\\/2020\\\/12\\\/POST-WORKING-IN-WINTER-image-FR.png\",\"datePublished\":\"2020-12-21T18:34:19+00:00\",\"description\":\"Le guide POST (petroleum oriented safety training, ou formation de s\u00e9curit\u00e9 pour le secteur p\u00e9trolier) comprend des pratiques de travail s\u00e9curitaires, y compris des suggestions d\u2019horaires de pause, des proc\u00e9dures d\u2019urgence et des recommandations de v\u00eatements pour rester au chaud.\",\"breadcrumb\":{\"@id\":\"https:\\\/\\\/posttraining.ca\\\/fr\\\/guide-post-sur-le-travail-en-hiver\\\/#breadcrumb\"},\"inLanguage\":\"fr-FR\",\"potentialAction\":[{\"@type\":\"ReadAction\",\"target\":[\"https:\\\/\\\/posttraining.ca\\\/fr\\\/guide-post-sur-le-travail-en-hiver\\\/\"]}]},{\"@type\":\"ImageObject\",\"inLanguage\":\"fr-FR\",\"@id\":\"https:\\\/\\\/posttraining.ca\\\/fr\\\/guide-post-sur-le-travail-en-hiver\\\/#primaryimage\",\"url\":\"https:\\\/\\\/posttraining.ca\\\/wp-content\\\/uploads\\\/2020\\\/12\\\/POST-WORKING-IN-WINTER-image-FR.png\",\"contentUrl\":\"https:\\\/\\\/posttraining.ca\\\/wp-content\\\/uploads\\\/2020\\\/12\\\/POST-WORKING-IN-WINTER-image-FR.png\"},{\"@type\":\"BreadcrumbList\",\"@id\":\"https:\\\/\\\/posttraining.ca\\\/fr\\\/guide-post-sur-le-travail-en-hiver\\\/#breadcrumb\",\"itemListElement\":[{\"@type\":\"ListItem\",\"position\":1,\"name\":\"Home\",\"item\":\"https:\\\/\\\/posttraining.ca\\\/\"},{\"@type\":\"ListItem\",\"position\":2,\"name\":\"Guide POST sur le travail en hiver\"}]},{\"@type\":\"WebSite\",\"@id\":\"https:\\\/\\\/posttraining.ca\\\/#website\",\"url\":\"https:\\\/\\\/posttraining.ca\\\/\",\"name\":\"POST Training\",\"description\":\"Petroleum Oriented Safety Training\",\"potentialAction\":[{\"@type\":\"SearchAction\",\"target\":{\"@type\":\"EntryPoint\",\"urlTemplate\":\"https:\\\/\\\/posttraining.ca\\\/?s={search_term_string}\"},\"query-input\":{\"@type\":\"PropertyValueSpecification\",\"valueRequired\":true,\"valueName\":\"search_term_string\"}}],\"inLanguage\":\"fr-FR\"}]}<\/script>\n<!-- \/ Yoast SEO plugin. -->","yoast_head_json":{"title":"Guide POST sur le travail en hiver - POST Training","description":"Le guide POST (petroleum oriented safety training, ou formation de s\u00e9curit\u00e9 pour le secteur p\u00e9trolier) comprend des pratiques de travail s\u00e9curitaires, y compris des suggestions d\u2019horaires de pause, des proc\u00e9dures d\u2019urgence et des recommandations de v\u00eatements pour rester au chaud.","robots":{"index":"index","follow":"follow","max-snippet":"max-snippet:-1","max-image-preview":"max-image-preview:large","max-video-preview":"max-video-preview:-1"},"canonical":"https:\/\/posttraining.ca\/fr\/guide-post-sur-le-travail-en-hiver\/","og_locale":"fr_FR","og_type":"article","og_title":"Guide POST sur le travail en hiver - POST Training","og_description":"Le guide POST (petroleum oriented safety training, ou formation de s\u00e9curit\u00e9 pour le secteur p\u00e9trolier) comprend des pratiques de travail s\u00e9curitaires, y compris des suggestions d\u2019horaires de pause, des proc\u00e9dures d\u2019urgence et des recommandations de v\u00eatements pour rester au chaud.","og_url":"https:\/\/posttraining.ca\/fr\/guide-post-sur-le-travail-en-hiver\/","og_site_name":"POST Training","og_image":[{"url":"https:\/\/posttraining.ca\/wp-content\/uploads\/2020\/12\/POST-WORKING-IN-WINTER-image-FR.png","type":"","width":"","height":""}],"twitter_card":"summary_large_image","schema":{"@context":"https:\/\/schema.org","@graph":[{"@type":"WebPage","@id":"https:\/\/posttraining.ca\/fr\/guide-post-sur-le-travail-en-hiver\/","url":"https:\/\/posttraining.ca\/fr\/guide-post-sur-le-travail-en-hiver\/","name":"Guide POST sur le travail en hiver - POST Training","isPartOf":{"@id":"https:\/\/posttraining.ca\/#website"},"primaryImageOfPage":{"@id":"https:\/\/posttraining.ca\/fr\/guide-post-sur-le-travail-en-hiver\/#primaryimage"},"image":{"@id":"https:\/\/posttraining.ca\/fr\/guide-post-sur-le-travail-en-hiver\/#primaryimage"},"thumbnailUrl":"https:\/\/posttraining.ca\/wp-content\/uploads\/2020\/12\/POST-WORKING-IN-WINTER-image-FR.png","datePublished":"2020-12-21T18:34:19+00:00","description":"Le guide POST (petroleum oriented safety training, ou formation de s\u00e9curit\u00e9 pour le secteur p\u00e9trolier) comprend des pratiques de travail s\u00e9curitaires, y compris des suggestions d\u2019horaires de pause, des proc\u00e9dures d\u2019urgence et des recommandations de v\u00eatements pour rester au chaud.","breadcrumb":{"@id":"https:\/\/posttraining.ca\/fr\/guide-post-sur-le-travail-en-hiver\/#breadcrumb"},"inLanguage":"fr-FR","potentialAction":[{"@type":"ReadAction","target":["https:\/\/posttraining.ca\/fr\/guide-post-sur-le-travail-en-hiver\/"]}]},{"@type":"ImageObject","inLanguage":"fr-FR","@id":"https:\/\/posttraining.ca\/fr\/guide-post-sur-le-travail-en-hiver\/#primaryimage","url":"https:\/\/posttraining.ca\/wp-content\/uploads\/2020\/12\/POST-WORKING-IN-WINTER-image-FR.png","contentUrl":"https:\/\/posttraining.ca\/wp-content\/uploads\/2020\/12\/POST-WORKING-IN-WINTER-image-FR.png"},{"@type":"BreadcrumbList","@id":"https:\/\/posttraining.ca\/fr\/guide-post-sur-le-travail-en-hiver\/#breadcrumb","itemListElement":[{"@type":"ListItem","position":1,"name":"Home","item":"https:\/\/posttraining.ca\/"},{"@type":"ListItem","position":2,"name":"Guide POST sur le travail en hiver"}]},{"@type":"WebSite","@id":"https:\/\/posttraining.ca\/#website","url":"https:\/\/posttraining.ca\/","name":"POST Training","description":"Petroleum Oriented Safety Training","potentialAction":[{"@type":"SearchAction","target":{"@type":"EntryPoint","urlTemplate":"https:\/\/posttraining.ca\/?s={search_term_string}"},"query-input":{"@type":"PropertyValueSpecification","valueRequired":true,"valueName":"search_term_string"}}],"inLanguage":"fr-FR"}]}},"jetpack_sharing_enabled":true,"jetpack_shortlink":"https:\/\/wp.me\/P90ZUJ-Vv","_links":{"self":[{"href":"https:\/\/posttraining.ca\/fr\/wp-json\/wp\/v2\/pages\/3565","targetHints":{"allow":["GET"]}}],"collection":[{"href":"https:\/\/posttraining.ca\/fr\/wp-json\/wp\/v2\/pages"}],"about":[{"href":"https:\/\/posttraining.ca\/fr\/wp-json\/wp\/v2\/types\/page"}],"author":[{"embeddable":true,"href":"https:\/\/posttraining.ca\/fr\/wp-json\/wp\/v2\/users\/3"}],"replies":[{"embeddable":true,"href":"https:\/\/posttraining.ca\/fr\/wp-json\/wp\/v2\/comments?post=3565"}],"version-history":[{"count":3,"href":"https:\/\/posttraining.ca\/fr\/wp-json\/wp\/v2\/pages\/3565\/revisions"}],"predecessor-version":[{"id":3572,"href":"https:\/\/posttraining.ca\/fr\/wp-json\/wp\/v2\/pages\/3565\/revisions\/3572"}],"wp:attachment":[{"href":"https:\/\/posttraining.ca\/fr\/wp-json\/wp\/v2\/media?parent=3565"}],"curies":[{"name":"wp","href":"https:\/\/api.w.org\/{rel}","templated":true}]}}