{"id":5442,"date":"2023-10-24T16:39:49","date_gmt":"2023-10-24T20:39:49","guid":{"rendered":"https:\/\/posttraining.ca\/?page_id=5442"},"modified":"2023-10-24T17:12:27","modified_gmt":"2023-10-24T21:12:27","slug":"les-pratiques-exemplaires-de-post-infographie","status":"publish","type":"page","link":"https:\/\/posttraining.ca\/fr\/les-pratiques-exemplaires-de-post-infographie\/","title":{"rendered":"Les pratiques exemplaires de POST &#8211; infographie"},"content":{"rendered":"<p><strong>Introduction du nouveau format infographique pour les pratiques exemplaires<\/strong><\/p>\n<p>POST s\u2019efforce constamment de rendre l\u2019information sur la s\u00e9curit\u00e9 au travail plus accessible et plus conviviale. Dans le cadre de cet effort, POST a introduit un nouveau format infographique pour ses pratiques exemplaires. Les infographies sont visuellement attrayantes et faciles \u00e0 comprendre, ce qui en fait un outil id\u00e9al pour communiquer des proc\u00e9dures de s\u00e9curit\u00e9 complexes.<\/p>\n<p>Ainsi, les points cl\u00e9s de chaque pratique exemplaire sont condens\u00e9s dans un format visuellement \u00ab\u2009accrocheur\u2009\u00bb et facile \u00e0 assimiler. Cela permet aux organisations de saisir rapidement l\u2019information essentielle et de la mettre en \u0153uvre de mani\u00e8re efficace. En utilisant des infographiques, POST vise \u00e0 am\u00e9liorer l\u2019accessibilit\u00e9 et la facilit\u00e9 d\u2019utilisation de ses pratiques exemplaires, en rendant l\u2019information sur la s\u00e9curit\u00e9 au travail plus facilement accessible aux organisations.<\/p>\n<p><strong>Formats disponibles<\/strong><\/p>\n<p><strong>Taille de l&rsquo;\u00e9cran<\/strong> \u2013 parfait pour le partage \u00e9lectronique et pour les appareils mobiles<\/p>\n<p><strong>Format lettre imprimable<\/strong> \u2013 parfait pour les remorques de bureau, d\u2019entrep\u00f4t ou de chantier (tableaux d\u2019affichage, etc.)<\/p>\n<p><strong>Taille de l&rsquo;affiche<\/strong> \u2013 taille d&rsquo;affiche haute r\u00e9solution id\u00e9ale pour imprimer des affiches pour tous les lieux de travail<\/p>\n<h4><strong>T\u00e9l\u00e9chargements<\/strong><\/h4>\n<h4><strong>Taille de l&rsquo;\u00e9cran<\/strong> \u2013 cliquez sur chaque infographie pour t\u00e9l\u00e9charger 1920 x 1080 px<\/h4>\n<div id=\"attachment_5436\" style=\"width: 200px\" class=\"wp-caption alignleft\"><a href=\"https:\/\/posttraining.ca\/wp-content\/uploads\/2023\/10\/ladder-working-screensize-FR.png\"><img loading=\"lazy\" decoding=\"async\" aria-describedby=\"caption-attachment-5436\" class=\"wp-image-5436\" src=\"https:\/\/posttraining.ca\/wp-content\/uploads\/2023\/10\/ladder-working-screensize-FR-300x169.png\" alt=\"\" width=\"190\" height=\"110\" \/><\/a><p id=\"caption-attachment-5436\" class=\"wp-caption-text\">s\u00e9curit\u00e9 efficaces pour les \u00e9chelles<\/p><\/div>\n<div id=\"attachment_5434\" style=\"width: 200px\" class=\"wp-caption alignleft\"><a href=\"https:\/\/posttraining.ca\/wp-content\/uploads\/2023\/10\/high-vis-working-screensize-FR.png\"><img loading=\"lazy\" decoding=\"async\" aria-describedby=\"caption-attachment-5434\" class=\"wp-image-5434\" src=\"https:\/\/posttraining.ca\/wp-content\/uploads\/2023\/10\/high-vis-working-screensize-FR-300x169.png\" alt=\"\" width=\"190\" height=\"110\" \/><\/a><p id=\"caption-attachment-5434\" class=\"wp-caption-text\">v\u00eatements de s\u00e9curit\u00e9 \u00e0 haute visibilit\u00e9<\/p><\/div>\n<div id=\"attachment_5432\" style=\"width: 200px\" class=\"wp-caption alignleft\"><a href=\"https:\/\/posttraining.ca\/wp-content\/uploads\/2023\/10\/barricade-working-screensize-FR.png\"><img loading=\"lazy\" decoding=\"async\" aria-describedby=\"caption-attachment-5432\" class=\"wp-image-5432\" src=\"https:\/\/posttraining.ca\/wp-content\/uploads\/2023\/10\/barricade-working-screensize-FR-300x169.png\" alt=\"\" width=\"190\" height=\"110\" \/><\/a><p id=\"caption-attachment-5432\" class=\"wp-caption-text\">Exigences en mati\u00e8re de barricades<\/p><\/div>\n<div id=\"attachment_5438\" style=\"width: 200px\" class=\"wp-caption alignleft\"><a href=\"https:\/\/posttraining.ca\/wp-content\/uploads\/2023\/10\/LOTO-working-screensize-FR.png\"><img loading=\"lazy\" decoding=\"async\" aria-describedby=\"caption-attachment-5438\" class=\"wp-image-5438\" src=\"https:\/\/posttraining.ca\/wp-content\/uploads\/2023\/10\/LOTO-working-screensize-FR-300x169.png\" alt=\"\" width=\"190\" height=\"110\" \/><\/a><p id=\"caption-attachment-5438\" class=\"wp-caption-text\">verrouillage et etiquetage (LOTO)<\/p><\/div>\n<p>&nbsp;<\/p>\n<p>&nbsp;<\/p>\n<p>&nbsp;<\/p>\n<p>&nbsp;<\/p>\n<p>&nbsp;<\/p>\n<div id=\"attachment_5440\" style=\"width: 200px\" class=\"wp-caption alignleft\"><a href=\"https:\/\/posttraining.ca\/wp-content\/uploads\/2023\/10\/POST-best-practices-working-heights-screensize-FR.png\"><img loading=\"lazy\" decoding=\"async\" aria-describedby=\"caption-attachment-5440\" class=\"wp-image-5440\" src=\"https:\/\/posttraining.ca\/wp-content\/uploads\/2023\/10\/POST-best-practices-working-heights-screensize-FR-300x169.png\" alt=\"\" width=\"190\" height=\"110\" \/><\/a><p id=\"caption-attachment-5440\" class=\"wp-caption-text\">\u00e9quipement pour le travail en hauteur<\/p><\/div>\n<p>&nbsp;<\/p>\n<p>&nbsp;<\/p>\n<p>&nbsp;<\/p>\n<p>&nbsp;<\/p>\n<p>&nbsp;<\/p>\n<p>&nbsp;<\/p>\n<p>&nbsp;<\/p>\n<h4><strong>Format lettre<\/strong> \u2013 Cliquez sur chaque infographie pour t\u00e9l\u00e9charger<br \/>\n8,5\u2033 x 11\u2033<\/h4>\n<div id=\"attachment_5458\" style=\"width: 165px\" class=\"wp-caption alignleft\"><a href=\"https:\/\/posttraining.ca\/wp-content\/uploads\/2023\/10\/POST-best-practices-working-barricade-lettersize-FR-lr.pdf\"><img loading=\"lazy\" decoding=\"async\" aria-describedby=\"caption-attachment-5458\" class=\"wp-image-5458\" src=\"https:\/\/posttraining.ca\/wp-content\/uploads\/2023\/10\/BARRICADING-FR-232x300.png\" alt=\"\" width=\"155\" height=\"200\" srcset=\"https:\/\/posttraining.ca\/wp-content\/uploads\/2023\/10\/BARRICADING-FR-232x300.png 232w, https:\/\/posttraining.ca\/wp-content\/uploads\/2023\/10\/BARRICADING-FR-791x1024.png 791w, https:\/\/posttraining.ca\/wp-content\/uploads\/2023\/10\/BARRICADING-FR-768x994.png 768w, https:\/\/posttraining.ca\/wp-content\/uploads\/2023\/10\/BARRICADING-FR-150x194.png 150w, https:\/\/posttraining.ca\/wp-content\/uploads\/2023\/10\/BARRICADING-FR-386x500.png 386w, https:\/\/posttraining.ca\/wp-content\/uploads\/2023\/10\/BARRICADING-FR.png 1075w\" sizes=\"auto, (max-width: 155px) 100vw, 155px\" \/><\/a><p id=\"caption-attachment-5458\" class=\"wp-caption-text\">Exigences en mati\u00e8re de barricades<\/p><\/div>\n<div id=\"attachment_5460\" style=\"width: 165px\" class=\"wp-caption alignleft\"><a href=\"https:\/\/posttraining.ca\/wp-content\/uploads\/2023\/10\/POST-best-practices-working-heights-lettersize-FR-lr.pdf\"><img loading=\"lazy\" decoding=\"async\" aria-describedby=\"caption-attachment-5460\" class=\"wp-image-5460\" src=\"https:\/\/posttraining.ca\/wp-content\/uploads\/2023\/10\/WAH-EQUIP-FR-230x300.png\" alt=\"\" width=\"155\" height=\"203\" srcset=\"https:\/\/posttraining.ca\/wp-content\/uploads\/2023\/10\/WAH-EQUIP-FR-230x300.png 230w, https:\/\/posttraining.ca\/wp-content\/uploads\/2023\/10\/WAH-EQUIP-FR-786x1024.png 786w, https:\/\/posttraining.ca\/wp-content\/uploads\/2023\/10\/WAH-EQUIP-FR-768x1000.png 768w, https:\/\/posttraining.ca\/wp-content\/uploads\/2023\/10\/WAH-EQUIP-FR-1179x1536.png 1179w, https:\/\/posttraining.ca\/wp-content\/uploads\/2023\/10\/WAH-EQUIP-FR-1572x2048.png 1572w, https:\/\/posttraining.ca\/wp-content\/uploads\/2023\/10\/WAH-EQUIP-FR-150x195.png 150w, https:\/\/posttraining.ca\/wp-content\/uploads\/2023\/10\/WAH-EQUIP-FR-384x500.png 384w, https:\/\/posttraining.ca\/wp-content\/uploads\/2023\/10\/WAH-EQUIP-FR.png 1974w\" sizes=\"auto, (max-width: 155px) 100vw, 155px\" \/><\/a><p id=\"caption-attachment-5460\" class=\"wp-caption-text\">\u00e9quipement pour le travail en hauteur<\/p><\/div>\n<div id=\"attachment_5462\" style=\"width: 165px\" class=\"wp-caption alignleft\"><a href=\"https:\/\/posttraining.ca\/wp-content\/uploads\/2023\/10\/POST-best-practices-working-ladder-lettersize-FR-lr.pdf\"><img loading=\"lazy\" decoding=\"async\" aria-describedby=\"caption-attachment-5462\" class=\"wp-image-5462\" src=\"https:\/\/posttraining.ca\/wp-content\/uploads\/2023\/10\/LADDER-SAFETY-FR-230x300.png\" alt=\"\" width=\"155\" height=\"203\" srcset=\"https:\/\/posttraining.ca\/wp-content\/uploads\/2023\/10\/LADDER-SAFETY-FR-230x300.png 230w, https:\/\/posttraining.ca\/wp-content\/uploads\/2023\/10\/LADDER-SAFETY-FR-785x1024.png 785w, https:\/\/posttraining.ca\/wp-content\/uploads\/2023\/10\/LADDER-SAFETY-FR-768x1002.png 768w, https:\/\/posttraining.ca\/wp-content\/uploads\/2023\/10\/LADDER-SAFETY-FR-1177x1536.png 1177w, https:\/\/posttraining.ca\/wp-content\/uploads\/2023\/10\/LADDER-SAFETY-FR-1570x2048.png 1570w, https:\/\/posttraining.ca\/wp-content\/uploads\/2023\/10\/LADDER-SAFETY-FR-150x196.png 150w, https:\/\/posttraining.ca\/wp-content\/uploads\/2023\/10\/LADDER-SAFETY-FR-383x500.png 383w, https:\/\/posttraining.ca\/wp-content\/uploads\/2023\/10\/LADDER-SAFETY-FR.png 1608w\" sizes=\"auto, (max-width: 155px) 100vw, 155px\" \/><\/a><p id=\"caption-attachment-5462\" class=\"wp-caption-text\">s\u00e9curit\u00e9 efficaces pour les \u00e9chelles<\/p><\/div>\n<div id=\"attachment_5464\" style=\"width: 165px\" class=\"wp-caption alignleft\"><a href=\"https:\/\/posttraining.ca\/wp-content\/uploads\/2023\/10\/POST-best-practices-working-LOTO-lettersize-FR-lr.pdf\"><img loading=\"lazy\" decoding=\"async\" aria-describedby=\"caption-attachment-5464\" class=\"wp-image-5464\" src=\"https:\/\/posttraining.ca\/wp-content\/uploads\/2023\/10\/LOTO-FR-232x300.png\" alt=\"\" width=\"155\" height=\"200\" srcset=\"https:\/\/posttraining.ca\/wp-content\/uploads\/2023\/10\/LOTO-FR-232x300.png 232w, https:\/\/posttraining.ca\/wp-content\/uploads\/2023\/10\/LOTO-FR-790x1024.png 790w, https:\/\/posttraining.ca\/wp-content\/uploads\/2023\/10\/LOTO-FR-768x995.png 768w, https:\/\/posttraining.ca\/wp-content\/uploads\/2023\/10\/LOTO-FR-1186x1536.png 1186w, https:\/\/posttraining.ca\/wp-content\/uploads\/2023\/10\/LOTO-FR-1581x2048.png 1581w, https:\/\/posttraining.ca\/wp-content\/uploads\/2023\/10\/LOTO-FR-150x194.png 150w, https:\/\/posttraining.ca\/wp-content\/uploads\/2023\/10\/LOTO-FR-386x500.png 386w, https:\/\/posttraining.ca\/wp-content\/uploads\/2023\/10\/LOTO-FR.png 1614w\" sizes=\"auto, (max-width: 155px) 100vw, 155px\" \/><\/a><p id=\"caption-attachment-5464\" class=\"wp-caption-text\">verrouillage et etiquetage (LOTO)<\/p><\/div>\n<div id=\"attachment_5466\" style=\"width: 165px\" class=\"wp-caption alignleft\"><a href=\"https:\/\/posttraining.ca\/wp-content\/uploads\/2023\/10\/POST-best-practices-working-high-vis-lettersize-FR-lr.pdf\"><img loading=\"lazy\" decoding=\"async\" aria-describedby=\"caption-attachment-5466\" class=\"wp-image-5466\" src=\"https:\/\/posttraining.ca\/wp-content\/uploads\/2023\/10\/HI-VIS-FR-232x300.png\" alt=\"\" width=\"155\" height=\"200\" srcset=\"https:\/\/posttraining.ca\/wp-content\/uploads\/2023\/10\/HI-VIS-FR-232x300.png 232w, https:\/\/posttraining.ca\/wp-content\/uploads\/2023\/10\/HI-VIS-FR-791x1024.png 791w, https:\/\/posttraining.ca\/wp-content\/uploads\/2023\/10\/HI-VIS-FR-768x994.png 768w, https:\/\/posttraining.ca\/wp-content\/uploads\/2023\/10\/HI-VIS-FR-1187x1536.png 1187w, https:\/\/posttraining.ca\/wp-content\/uploads\/2023\/10\/HI-VIS-FR-1583x2048.png 1583w, https:\/\/posttraining.ca\/wp-content\/uploads\/2023\/10\/HI-VIS-FR-150x194.png 150w, https:\/\/posttraining.ca\/wp-content\/uploads\/2023\/10\/HI-VIS-FR-386x500.png 386w, https:\/\/posttraining.ca\/wp-content\/uploads\/2023\/10\/HI-VIS-FR.png 1619w\" sizes=\"auto, (max-width: 155px) 100vw, 155px\" \/><\/a><p id=\"caption-attachment-5466\" class=\"wp-caption-text\">v\u00eatements de s\u00e9curit\u00e9 \u00e0 haute visibilit\u00e9<\/p><\/div>\n<p>&nbsp;<\/p>\n<h4><strong>Taille de l&rsquo;affiche<\/strong> \u2013 Cliquez sur les liens pour t\u00e9l\u00e9charger<br \/>\n12\u2033 x 18\u2033<\/h4>\n<div id=\"attachment_5466\" style=\"width: 242px\" class=\"wp-caption alignleft\"><img loading=\"lazy\" decoding=\"async\" aria-describedby=\"caption-attachment-5466\" class=\"wp-image-5466 size-medium\" src=\"https:\/\/posttraining.ca\/wp-content\/uploads\/2023\/10\/HI-VIS-FR-232x300.png\" alt=\"\" width=\"232\" height=\"300\" srcset=\"https:\/\/posttraining.ca\/wp-content\/uploads\/2023\/10\/HI-VIS-FR-232x300.png 232w, https:\/\/posttraining.ca\/wp-content\/uploads\/2023\/10\/HI-VIS-FR-791x1024.png 791w, https:\/\/posttraining.ca\/wp-content\/uploads\/2023\/10\/HI-VIS-FR-768x994.png 768w, https:\/\/posttraining.ca\/wp-content\/uploads\/2023\/10\/HI-VIS-FR-1187x1536.png 1187w, https:\/\/posttraining.ca\/wp-content\/uploads\/2023\/10\/HI-VIS-FR-1583x2048.png 1583w, https:\/\/posttraining.ca\/wp-content\/uploads\/2023\/10\/HI-VIS-FR-150x194.png 150w, https:\/\/posttraining.ca\/wp-content\/uploads\/2023\/10\/HI-VIS-FR-386x500.png 386w, https:\/\/posttraining.ca\/wp-content\/uploads\/2023\/10\/HI-VIS-FR.png 1619w\" sizes=\"auto, (max-width: 232px) 100vw, 232px\" \/><p id=\"caption-attachment-5466\" class=\"wp-caption-text\">format d&rsquo;\u00e9chantillon<\/p><\/div>\n<p><strong><a href=\"https:\/\/posttraining.ca\/wp-content\/uploads\/2023\/10\/POST-best-practices-barricade-postersize-FR.pdf\" target=\"_blank\" rel=\"noopener\">Exigences en mati\u00e8re de barricades<\/a><\/strong><\/p>\n<p><strong><a href=\"https:\/\/posttraining.ca\/wp-content\/uploads\/2023\/10\/POST-best-practices-working-at-heights-postersize-FR.pdf\" target=\"_blank\" rel=\"noopener\">\u00c9quipement pour le travail en hauteur<\/a><\/strong><\/p>\n<p><strong><a href=\"https:\/\/posttraining.ca\/wp-content\/uploads\/2023\/10\/POST-best-practices-ladder-safety-postersize-FR.pdf\" target=\"_blank\" rel=\"noopener\">S\u00e9curit\u00e9 efficaces pour les \u00e9chelles<\/a><\/strong><\/p>\n<p><strong><a href=\"https:\/\/posttraining.ca\/wp-content\/uploads\/2023\/10\/POST-best-practices-LOTO-postersize-FR.pdf\" target=\"_blank\" rel=\"noopener\">Verrouillage et etiquetage (LOTO)<\/a><\/strong><\/p>\n<p><strong><a href=\"https:\/\/posttraining.ca\/wp-content\/uploads\/2023\/10\/POST-best-practices-high-vis-postersize-FR.pdf\" target=\"_blank\" rel=\"noopener\">V\u00eatements de s\u00e9curit\u00e9 \u00e0 haute visibilit\u00e9<\/a><\/strong><\/p>\n","protected":false},"excerpt":{"rendered":"<p>Introduction du nouveau format infographique pour les pratiques exemplaires POST s\u2019efforce constamment de rendre l\u2019information sur la s\u00e9curit\u00e9 au travail plus accessible et plus conviviale. Dans le cadre de cet <a class=\"more-link\" href=\"https:\/\/posttraining.ca\/fr\/les-pratiques-exemplaires-de-post-infographie\/\">Continue Reading &rarr;<\/a><\/p>\n","protected":false},"author":3,"featured_media":0,"parent":0,"menu_order":0,"comment_status":"closed","ping_status":"closed","template":"","meta":{"jetpack_post_was_ever_published":false,"footnotes":""},"class_list":["post-5442","page","type-page","status-publish","hentry"],"ams_acf":[],"yoast_head":"<!-- This site is optimized with the Yoast SEO plugin v27.5 - https:\/\/yoast.com\/product\/yoast-seo-wordpress\/ -->\n<title>Les pratiques exemplaires de POST - infographie - POST Training<\/title>\n<meta name=\"robots\" content=\"index, follow, max-snippet:-1, max-image-preview:large, max-video-preview:-1\" \/>\n<link rel=\"canonical\" href=\"https:\/\/posttraining.ca\/fr\/les-pratiques-exemplaires-de-post-infographie\/\" \/>\n<meta property=\"og:locale\" content=\"fr_FR\" \/>\n<meta property=\"og:type\" content=\"article\" \/>\n<meta property=\"og:title\" content=\"Les pratiques exemplaires de POST - infographie - POST Training\" \/>\n<meta property=\"og:description\" content=\"Introduction du nouveau format infographique pour les pratiques exemplaires POST s\u2019efforce constamment de rendre l\u2019information sur la s\u00e9curit\u00e9 au travail plus accessible et plus conviviale. Dans le cadre de cet Continue Reading &rarr;\" \/>\n<meta property=\"og:url\" content=\"https:\/\/posttraining.ca\/fr\/les-pratiques-exemplaires-de-post-infographie\/\" \/>\n<meta property=\"og:site_name\" content=\"POST Training\" \/>\n<meta property=\"article:modified_time\" content=\"2023-10-24T21:12:27+00:00\" \/>\n<meta property=\"og:image\" content=\"https:\/\/posttraining.ca\/wp-content\/uploads\/2023\/10\/ladder-working-screensize-FR-300x169.png\" \/>\n<meta name=\"twitter:card\" content=\"summary_large_image\" \/>\n<meta name=\"twitter:label1\" content=\"Dur\u00e9e de lecture estim\u00e9e\" \/>\n\t<meta name=\"twitter:data1\" content=\"4 minutes\" \/>\n<script type=\"application\/ld+json\" class=\"yoast-schema-graph\">{\"@context\":\"https:\\\/\\\/schema.org\",\"@graph\":[{\"@type\":\"WebPage\",\"@id\":\"https:\\\/\\\/posttraining.ca\\\/fr\\\/les-pratiques-exemplaires-de-post-infographie\\\/\",\"url\":\"https:\\\/\\\/posttraining.ca\\\/fr\\\/les-pratiques-exemplaires-de-post-infographie\\\/\",\"name\":\"Les pratiques exemplaires de POST - infographie - POST Training\",\"isPartOf\":{\"@id\":\"https:\\\/\\\/posttraining.ca\\\/#website\"},\"primaryImageOfPage\":{\"@id\":\"https:\\\/\\\/posttraining.ca\\\/fr\\\/les-pratiques-exemplaires-de-post-infographie\\\/#primaryimage\"},\"image\":{\"@id\":\"https:\\\/\\\/posttraining.ca\\\/fr\\\/les-pratiques-exemplaires-de-post-infographie\\\/#primaryimage\"},\"thumbnailUrl\":\"https:\\\/\\\/posttraining.ca\\\/wp-content\\\/uploads\\\/2023\\\/10\\\/ladder-working-screensize-FR-300x169.png\",\"datePublished\":\"2023-10-24T20:39:49+00:00\",\"dateModified\":\"2023-10-24T21:12:27+00:00\",\"breadcrumb\":{\"@id\":\"https:\\\/\\\/posttraining.ca\\\/fr\\\/les-pratiques-exemplaires-de-post-infographie\\\/#breadcrumb\"},\"inLanguage\":\"fr-FR\",\"potentialAction\":[{\"@type\":\"ReadAction\",\"target\":[\"https:\\\/\\\/posttraining.ca\\\/fr\\\/les-pratiques-exemplaires-de-post-infographie\\\/\"]}]},{\"@type\":\"ImageObject\",\"inLanguage\":\"fr-FR\",\"@id\":\"https:\\\/\\\/posttraining.ca\\\/fr\\\/les-pratiques-exemplaires-de-post-infographie\\\/#primaryimage\",\"url\":\"https:\\\/\\\/posttraining.ca\\\/wp-content\\\/uploads\\\/2023\\\/10\\\/ladder-working-screensize-FR-300x169.png\",\"contentUrl\":\"https:\\\/\\\/posttraining.ca\\\/wp-content\\\/uploads\\\/2023\\\/10\\\/ladder-working-screensize-FR-300x169.png\"},{\"@type\":\"BreadcrumbList\",\"@id\":\"https:\\\/\\\/posttraining.ca\\\/fr\\\/les-pratiques-exemplaires-de-post-infographie\\\/#breadcrumb\",\"itemListElement\":[{\"@type\":\"ListItem\",\"position\":1,\"name\":\"Home\",\"item\":\"https:\\\/\\\/posttraining.ca\\\/\"},{\"@type\":\"ListItem\",\"position\":2,\"name\":\"Les pratiques exemplaires de POST &#8211; infographie\"}]},{\"@type\":\"WebSite\",\"@id\":\"https:\\\/\\\/posttraining.ca\\\/#website\",\"url\":\"https:\\\/\\\/posttraining.ca\\\/\",\"name\":\"POST Training\",\"description\":\"Petroleum Oriented Safety Training\",\"potentialAction\":[{\"@type\":\"SearchAction\",\"target\":{\"@type\":\"EntryPoint\",\"urlTemplate\":\"https:\\\/\\\/posttraining.ca\\\/?s={search_term_string}\"},\"query-input\":{\"@type\":\"PropertyValueSpecification\",\"valueRequired\":true,\"valueName\":\"search_term_string\"}}],\"inLanguage\":\"fr-FR\"}]}<\/script>\n<!-- \/ Yoast SEO plugin. -->","yoast_head_json":{"title":"Les pratiques exemplaires de POST - infographie - POST Training","robots":{"index":"index","follow":"follow","max-snippet":"max-snippet:-1","max-image-preview":"max-image-preview:large","max-video-preview":"max-video-preview:-1"},"canonical":"https:\/\/posttraining.ca\/fr\/les-pratiques-exemplaires-de-post-infographie\/","og_locale":"fr_FR","og_type":"article","og_title":"Les pratiques exemplaires de POST - infographie - POST Training","og_description":"Introduction du nouveau format infographique pour les pratiques exemplaires POST s\u2019efforce constamment de rendre l\u2019information sur la s\u00e9curit\u00e9 au travail plus accessible et plus conviviale. Dans le cadre de cet Continue Reading &rarr;","og_url":"https:\/\/posttraining.ca\/fr\/les-pratiques-exemplaires-de-post-infographie\/","og_site_name":"POST Training","article_modified_time":"2023-10-24T21:12:27+00:00","og_image":[{"url":"https:\/\/posttraining.ca\/wp-content\/uploads\/2023\/10\/ladder-working-screensize-FR-300x169.png","type":"","width":"","height":""}],"twitter_card":"summary_large_image","twitter_misc":{"Dur\u00e9e de lecture estim\u00e9e":"4 minutes"},"schema":{"@context":"https:\/\/schema.org","@graph":[{"@type":"WebPage","@id":"https:\/\/posttraining.ca\/fr\/les-pratiques-exemplaires-de-post-infographie\/","url":"https:\/\/posttraining.ca\/fr\/les-pratiques-exemplaires-de-post-infographie\/","name":"Les pratiques exemplaires de POST - infographie - POST Training","isPartOf":{"@id":"https:\/\/posttraining.ca\/#website"},"primaryImageOfPage":{"@id":"https:\/\/posttraining.ca\/fr\/les-pratiques-exemplaires-de-post-infographie\/#primaryimage"},"image":{"@id":"https:\/\/posttraining.ca\/fr\/les-pratiques-exemplaires-de-post-infographie\/#primaryimage"},"thumbnailUrl":"https:\/\/posttraining.ca\/wp-content\/uploads\/2023\/10\/ladder-working-screensize-FR-300x169.png","datePublished":"2023-10-24T20:39:49+00:00","dateModified":"2023-10-24T21:12:27+00:00","breadcrumb":{"@id":"https:\/\/posttraining.ca\/fr\/les-pratiques-exemplaires-de-post-infographie\/#breadcrumb"},"inLanguage":"fr-FR","potentialAction":[{"@type":"ReadAction","target":["https:\/\/posttraining.ca\/fr\/les-pratiques-exemplaires-de-post-infographie\/"]}]},{"@type":"ImageObject","inLanguage":"fr-FR","@id":"https:\/\/posttraining.ca\/fr\/les-pratiques-exemplaires-de-post-infographie\/#primaryimage","url":"https:\/\/posttraining.ca\/wp-content\/uploads\/2023\/10\/ladder-working-screensize-FR-300x169.png","contentUrl":"https:\/\/posttraining.ca\/wp-content\/uploads\/2023\/10\/ladder-working-screensize-FR-300x169.png"},{"@type":"BreadcrumbList","@id":"https:\/\/posttraining.ca\/fr\/les-pratiques-exemplaires-de-post-infographie\/#breadcrumb","itemListElement":[{"@type":"ListItem","position":1,"name":"Home","item":"https:\/\/posttraining.ca\/"},{"@type":"ListItem","position":2,"name":"Les pratiques exemplaires de POST &#8211; infographie"}]},{"@type":"WebSite","@id":"https:\/\/posttraining.ca\/#website","url":"https:\/\/posttraining.ca\/","name":"POST Training","description":"Petroleum Oriented Safety Training","potentialAction":[{"@type":"SearchAction","target":{"@type":"EntryPoint","urlTemplate":"https:\/\/posttraining.ca\/?s={search_term_string}"},"query-input":{"@type":"PropertyValueSpecification","valueRequired":true,"valueName":"search_term_string"}}],"inLanguage":"fr-FR"}]}},"jetpack_sharing_enabled":false,"jetpack_shortlink":"https:\/\/wp.me\/P90ZUJ-1pM","_links":{"self":[{"href":"https:\/\/posttraining.ca\/fr\/wp-json\/wp\/v2\/pages\/5442","targetHints":{"allow":["GET"]}}],"collection":[{"href":"https:\/\/posttraining.ca\/fr\/wp-json\/wp\/v2\/pages"}],"about":[{"href":"https:\/\/posttraining.ca\/fr\/wp-json\/wp\/v2\/types\/page"}],"author":[{"embeddable":true,"href":"https:\/\/posttraining.ca\/fr\/wp-json\/wp\/v2\/users\/3"}],"replies":[{"embeddable":true,"href":"https:\/\/posttraining.ca\/fr\/wp-json\/wp\/v2\/comments?post=5442"}],"version-history":[{"count":18,"href":"https:\/\/posttraining.ca\/fr\/wp-json\/wp\/v2\/pages\/5442\/revisions"}],"predecessor-version":[{"id":5494,"href":"https:\/\/posttraining.ca\/fr\/wp-json\/wp\/v2\/pages\/5442\/revisions\/5494"}],"wp:attachment":[{"href":"https:\/\/posttraining.ca\/fr\/wp-json\/wp\/v2\/media?parent=5442"}],"curies":[{"name":"wp","href":"https:\/\/api.w.org\/{rel}","templated":true}]}}