{"id":5499,"date":"2023-10-24T17:33:43","date_gmt":"2023-10-24T21:33:43","guid":{"rendered":"https:\/\/posttraining.ca\/?page_id=5499"},"modified":"2023-10-24T17:41:25","modified_gmt":"2023-10-24T21:41:25","slug":"les-pratiques-exemplaires-nouvelles-et-ameliorees-de-post-sont-arrivees","status":"publish","type":"page","link":"https:\/\/posttraining.ca\/fr\/les-pratiques-exemplaires-nouvelles-et-ameliorees-de-post-sont-arrivees\/","title":{"rendered":"Les pratiques exemplaires nouvelles et am\u00e9lior\u00e9es de POST sont arriv\u00e9es"},"content":{"rendered":"<p><a href=\"https:\/\/posttraining.ca\/fr\/les-pratiques-exemplaires-de-post-infographie\/\"><img loading=\"lazy\" decoding=\"async\" class=\"aligncenter wp-image-5496 size-full\" src=\"https:\/\/posttraining.ca\/wp-content\/uploads\/2023\/10\/POSTBestPractices-banner-click-FR-1.png\" alt=\"\" width=\"1024\" height=\"346\" srcset=\"https:\/\/posttraining.ca\/wp-content\/uploads\/2023\/10\/POSTBestPractices-banner-click-FR-1.png 1024w, https:\/\/posttraining.ca\/wp-content\/uploads\/2023\/10\/POSTBestPractices-banner-click-FR-1-300x101.png 300w, https:\/\/posttraining.ca\/wp-content\/uploads\/2023\/10\/POSTBestPractices-banner-click-FR-1-768x260.png 768w, https:\/\/posttraining.ca\/wp-content\/uploads\/2023\/10\/POSTBestPractices-banner-click-FR-1-150x51.png 150w, https:\/\/posttraining.ca\/wp-content\/uploads\/2023\/10\/POSTBestPractices-banner-click-FR-1-500x169.png 500w\" sizes=\"auto, (max-width: 1024px) 100vw, 1024px\" \/><\/a><\/p>\n<p>Face \u00e0 des environnements de travail qui aujourd\u2019hui \u00e9voluent de mani\u00e8re rapide et constante, garantir la s\u00e9curit\u00e9 et le bien-\u00eatre des employ\u00e9s rev\u00eat une importance capitale. Il est indispensable que les organisations adoptent et mettent en \u0153uvre des pratiques exemplaires \u00e0 m\u00eame de r\u00e9volutionner la s\u00e9curit\u00e9 au travail. POST, un chef de file de l\u2019industrie en mati\u00e8re de normes de s\u00e9curit\u00e9, propose plusieurs pratiques exemplaires sur un \u00e9ventail de sujets. Ces pratiques exemplaires visent \u00e0 doter les organisations des connaissances et des outils dont elles ont besoin pour cr\u00e9er un environnement de travail s\u00fbr et s\u00e9curitaire. Dans cet article, nous examinerons l\u2019importance des pratiques exemplaires pour la s\u00e9curit\u00e9 au travail, ainsi que la mani\u00e8re dont les pratiques exemplaires de POST peuvent aider les organisations \u00e0 ma\u00eetriser la s\u00e9curit\u00e9.<\/p>\n<p><strong>L\u2019importance des pratiques exemplaires pour la s\u00e9curit\u00e9 au travail<\/strong><\/p>\n<p>Les pratiques exemplaires servent de guide aux organisations afin de r\u00e9duire au minimum les risques et de cr\u00e9er un environnement de travail s\u00fbr. Elles sont \u00e9labor\u00e9es \u00e0 partir des normes de l\u2019industrie, des r\u00e9glementations et des exp\u00e9riences v\u00e9cues. En mettant en \u0153uvre les pratiques exemplaires, les organisations peuvent s\u2019assurer qu\u2019elles prennent toutes les pr\u00e9cautions n\u00e9cessaires pour prot\u00e9ger leurs employ\u00e9s contre les dangers potentiels.<\/p>\n<p>Les pratiques exemplaires de POST tiennent compte des probl\u00e8mes de s\u00e9curit\u00e9 sp\u00e9cifiques auxquels sont confront\u00e9es les organisations dans diff\u00e9rents secteurs. Qu\u2019il s\u2019agisse des proc\u00e9dures ad\u00e9quates de cadenassage et d\u2019\u00e9tiquetage, de la s\u00e9curit\u00e9 des \u00e9chelles ou de l\u2019utilisation de v\u00eatements de s\u00e9curit\u00e9 \u00e0 haute visibilit\u00e9, POST a \u00e9labor\u00e9 des lignes directrices compl\u00e8tes pour r\u00e9pondre \u00e0 ces pr\u00e9occupations particuli\u00e8res en mati\u00e8re de s\u00e9curit\u00e9. En appliquant ces pratiques exemplaires, les organisations peuvent fortement r\u00e9duire le risque d\u2019accidents et de blessures au travail.<\/p>\n<p><strong>Comprendre les proc\u00e9dures de cadenassage et d\u2019\u00e9tiquetage<\/strong><\/p>\n<p>L\u2019un des aspects les plus importants de la s\u00e9curit\u00e9 au travail est la mise en \u0153uvre ad\u00e9quate des proc\u00e9dures de cadenassage et d\u2019\u00e9tiquetage. Ces proc\u00e9dures permettent de veiller \u00e0 ce que les sources d\u2019\u00e9nergie dangereuses soient isol\u00e9es et rendues inop\u00e9rantes pendant les travaux d\u2019entretien ou de r\u00e9paration. Le non-respect des proc\u00e9dures de cadenassage et d\u2019\u00e9tiquetage peut donner lieu \u00e0 des blessures graves, voire mortelles.<\/p>\n<p>Les pratiques exemplaires de POST en mati\u00e8re de cadenassage et d\u2019\u00e9tiquetage offrent aux organisations un guide \u00e9tape par \u00e9tape sur la mani\u00e8re de mettre en \u0153uvre efficacement ces proc\u00e9dures. Les lignes directrices abordent tous les aspects, de la d\u00e9termination des sources d\u2019\u00e9nergie \u00e0 leur isolement, en passant par leur mise \u00e0 l\u2019essai pour s\u2019assurer qu\u2019elles sont inop\u00e9rantes. En appliquant ces pratiques exemplaires, les organisations peuvent cr\u00e9er un environnement de travail s\u00fbr lorsqu\u2019elles sont amen\u00e9es \u00e0 travailler avec des \u00e9quipements ou des machines potentiellement dangereux.<\/p>\n<p><strong>Mettre en \u0153uvre des mesures de s\u00e9curit\u00e9 efficaces pour les \u00e9chelles<\/strong><\/p>\n<p>Les accidents li\u00e9s aux \u00e9chelles sont une cause fr\u00e9quente de blessures au travail. Pour pr\u00e9venir ces accidents, les organisations doivent mettre en \u0153uvre des mesures de s\u00e9curit\u00e9 efficaces pour les \u00e9chelles. Les pratiques exemplaires de POST en mati\u00e8re de s\u00e9curit\u00e9 des \u00e9chelles fournissent aux organisations des lignes directrices quant \u00e0 la bonne mani\u00e8re de choisir, d\u2019inspecter et d\u2019utiliser les \u00e9chelles.<\/p>\n<p>Les lignes directrices soulignent l\u2019importance de la stabilit\u00e9 des \u00e9chelles et la n\u00e9cessit\u00e9 de s\u2019assurer qu\u2019elles sont install\u00e9es sur des surfaces stables et fix\u00e9es correctement. Elles couvrent \u00e9galement les techniques ad\u00e9quates pour monter sur les \u00e9chelles et en descendre, ainsi que l\u2019utilisation d\u2019un \u00e9quipement de protection individuelle appropri\u00e9. En appliquant ces pratiques exemplaires, les organisations peuvent fortement r\u00e9duire le risque d\u2019accidents li\u00e9s aux \u00e9chelles et cr\u00e9er un environnement de travail plus s\u00fbr.<\/p>\n<p><strong>L\u2019importance des v\u00eatements de s\u00e9curit\u00e9 \u00e0 haute visibilit\u00e9<\/strong><\/p>\n<p>Dans les secteurs o\u00f9 les travailleurs sont expos\u00e9s \u00e0 la circulation routi\u00e8re, \u00e0 des machines lourdes ou \u00e0 des conditions de faible luminosit\u00e9, les v\u00eatements de s\u00e9curit\u00e9 \u00e0 haute visibilit\u00e9 jouent un r\u00f4le crucial pour assurer leur s\u00e9curit\u00e9. Les pratiques exemplaires de POST en mati\u00e8re de v\u00eatements de s\u00e9curit\u00e9 \u00e0 haute visibilit\u00e9 soulignent l\u2019importance de choisir des v\u00eatements qui r\u00e9pondent aux normes de s\u00e9curit\u00e9 n\u00e9cessaires et conf\u00e8rent une visibilit\u00e9 maximale.<\/p>\n<p><strong>Introduction du nouveau format infographique pour les pratiques exemplaires<\/strong><\/p>\n<p>POST s\u2019efforce constamment de rendre l\u2019information sur la s\u00e9curit\u00e9 au travail plus accessible et plus conviviale. Dans le cadre de cet effort, POST a introduit un nouveau format infographique pour ses pratiques exemplaires. Les infographies sont visuellement attrayantes et faciles \u00e0 comprendre, ce qui en fait un outil id\u00e9al pour communiquer des proc\u00e9dures de s\u00e9curit\u00e9 complexes.<\/p>\n<p>Ainsi, les points cl\u00e9s de chaque pratique exemplaire sont condens\u00e9s dans un format visuellement \u00ab\u2009accrocheur\u2009\u00bb et facile \u00e0 assimiler. Cela permet aux organisations de saisir rapidement l\u2019information essentielle et de la mettre en \u0153uvre de mani\u00e8re efficace. En utilisant des infographiques, POST vise \u00e0 am\u00e9liorer l\u2019accessibilit\u00e9 et la facilit\u00e9 d\u2019utilisation de ses pratiques exemplaires, en rendant l\u2019information sur la s\u00e9curit\u00e9 au travail plus facilement accessible aux organisations.<\/p>\n<p><img loading=\"lazy\" decoding=\"async\" class=\"alignleft size-full wp-image-5434\" src=\"https:\/\/posttraining.ca\/wp-content\/uploads\/2023\/10\/high-vis-working-screensize-FR.png\" alt=\"\" width=\"1920\" height=\"1080\" srcset=\"https:\/\/posttraining.ca\/wp-content\/uploads\/2023\/10\/high-vis-working-screensize-FR.png 1920w, https:\/\/posttraining.ca\/wp-content\/uploads\/2023\/10\/high-vis-working-screensize-FR-300x169.png 300w, https:\/\/posttraining.ca\/wp-content\/uploads\/2023\/10\/high-vis-working-screensize-FR-1024x576.png 1024w, https:\/\/posttraining.ca\/wp-content\/uploads\/2023\/10\/high-vis-working-screensize-FR-768x432.png 768w, https:\/\/posttraining.ca\/wp-content\/uploads\/2023\/10\/high-vis-working-screensize-FR-1536x864.png 1536w, https:\/\/posttraining.ca\/wp-content\/uploads\/2023\/10\/high-vis-working-screensize-FR-150x84.png 150w, https:\/\/posttraining.ca\/wp-content\/uploads\/2023\/10\/high-vis-working-screensize-FR-500x281.png 500w\" sizes=\"auto, (max-width: 1920px) 100vw, 1920px\" \/><\/p>\n<p><strong>Les avantages de pratiques exemplaires claires, concises et imprimables<\/strong><\/p>\n<p>Des pratiques exemplaires claires et concises sont essentielles pour que les organisations puissent facilement comprendre et mettre en \u0153uvre les proc\u00e9dures de s\u00e9curit\u00e9. Les pratiques exemplaires de POST se veulent facilement compr\u00e9hensibles et applicables. Elles contiennent des instructions \u00e9tape par \u00e9tape, accompagn\u00e9es d\u2019explications et d\u2019illustrations claires, pour guider les organisations tout au long du processus de mise en \u0153uvre.<\/p>\n<p>Par ailleurs, les pratiques exemplaires de POST sont imprimables, ce qui permet aux organisations d\u2019avoir des copies physiques \u00e0 disposition sur le lieu de travail. De la sorte, tous les employ\u00e9s ont acc\u00e8s \u00e0 l\u2019information et peuvent s\u2019y rapporter chaque fois que cela s\u2019av\u00e8re n\u00e9cessaire. Disposer de pratiques exemplaires imprimables permet de rappeler constamment les proc\u00e9dures de s\u00e9curit\u00e9 et contribue \u00e0 instiller une culture de la s\u00e9curit\u00e9 au sein de l\u2019organisation.<\/p>\n<p><strong>Partager les pratiques exemplaires avec les coll\u00e8gues<\/strong><\/p>\n<p>La cr\u00e9ation d\u2019un environnement de travail s\u00fbr est une responsabilit\u00e9 collective. En facilitant le partage des pratiques exemplaires avec les coll\u00e8gues, les organisations peuvent favoriser une culture de la s\u00e9curit\u00e9 et s\u2019assurer que tout le monde est sur la m\u00eame \u00ab\u2009longueur d\u2019onde\u2009\u00bb en ce qui concerne la s\u00e9curit\u00e9 au travail. Les pratiques exemplaires de POST sont destin\u00e9es \u00e0 \u00eatre partag\u00e9es et diffus\u00e9es entre coll\u00e8gues, ce qui permet aux organisations de b\u00e9n\u00e9ficier des connaissances et des exp\u00e9riences collectives.<\/p>\n<p>Les organisations peuvent mettre en place des s\u00e9ances ou des ateliers de formation \u00e0 la s\u00e9curit\u00e9 au cours desquels ces pratiques exemplaires peuvent \u00eatre examin\u00e9es et mises en \u0153uvre. En encourageant une communication ouverte et le partage des exp\u00e9riences, les organisations peuvent cr\u00e9er un environnement de travail positif et s\u00fbr. Le partage des pratiques exemplaires contribue non seulement \u00e0 am\u00e9liorer la s\u00e9curit\u00e9 au travail, mais \u00e9galement \u00e0 promouvoir la collaboration et le travail d\u2019\u00e9quipe entre les employ\u00e9s.<\/p>\n<p>Gr\u00e2ce \u00e0 des lignes directrices claires, concises et imprimables, les organisations peuvent facilement comprendre et mettre en \u0153uvre ces pratiques exemplaires. En facilitant leur partage avec les coll\u00e8gues et en utilisant le nouveau format infographique, les organisations peuvent am\u00e9liorer la s\u00e9curit\u00e9 au travail et favoriser une culture de la s\u00e9curit\u00e9 en leur sein.<\/p>\n<p>Au travers de ses ressources et de son soutien, POST veille \u00e0 ce que les organisations aient acc\u00e8s aux outils et aux connaissances dont elles ont besoin pour ma\u00eetriser les pratiques de s\u00e9curit\u00e9. En adoptant ces pratiques exemplaires, les organisations peuvent responsabiliser le milieu de travail et prot\u00e9ger leur actif le plus pr\u00e9cieux\u00a0: leurs employ\u00e9s.<\/p>\n","protected":false},"excerpt":{"rendered":"<p>Face \u00e0 des environnements de travail qui aujourd\u2019hui \u00e9voluent de mani\u00e8re rapide et constante, garantir la s\u00e9curit\u00e9 et le bien-\u00eatre des employ\u00e9s rev\u00eat une importance capitale. Il est indispensable que <a class=\"more-link\" href=\"https:\/\/posttraining.ca\/fr\/les-pratiques-exemplaires-nouvelles-et-ameliorees-de-post-sont-arrivees\/\">Continue Reading &rarr;<\/a><\/p>\n","protected":false},"author":3,"featured_media":0,"parent":0,"menu_order":0,"comment_status":"closed","ping_status":"closed","template":"","meta":{"jetpack_post_was_ever_published":false,"footnotes":""},"class_list":["post-5499","page","type-page","status-publish","hentry"],"ams_acf":[],"yoast_head":"<!-- This site is optimized with the Yoast SEO plugin v27.5 - https:\/\/yoast.com\/product\/yoast-seo-wordpress\/ -->\n<title>Les pratiques exemplaires nouvelles et am\u00e9lior\u00e9es de POST sont arriv\u00e9es - POST Training<\/title>\n<meta name=\"robots\" content=\"index, follow, max-snippet:-1, max-image-preview:large, max-video-preview:-1\" \/>\n<link rel=\"canonical\" href=\"https:\/\/posttraining.ca\/fr\/les-pratiques-exemplaires-nouvelles-et-ameliorees-de-post-sont-arrivees\/\" \/>\n<meta property=\"og:locale\" content=\"fr_FR\" \/>\n<meta property=\"og:type\" content=\"article\" \/>\n<meta property=\"og:title\" content=\"Les pratiques exemplaires nouvelles et am\u00e9lior\u00e9es de POST sont arriv\u00e9es - POST Training\" \/>\n<meta property=\"og:description\" content=\"Face \u00e0 des environnements de travail qui aujourd\u2019hui \u00e9voluent de mani\u00e8re rapide et constante, garantir la s\u00e9curit\u00e9 et le bien-\u00eatre des employ\u00e9s rev\u00eat une importance capitale. Il est indispensable que Continue Reading &rarr;\" \/>\n<meta property=\"og:url\" content=\"https:\/\/posttraining.ca\/fr\/les-pratiques-exemplaires-nouvelles-et-ameliorees-de-post-sont-arrivees\/\" \/>\n<meta property=\"og:site_name\" content=\"POST Training\" \/>\n<meta property=\"article:modified_time\" content=\"2023-10-24T21:41:25+00:00\" \/>\n<meta property=\"og:image\" content=\"https:\/\/posttraining.ca\/wp-content\/uploads\/2023\/10\/POSTBestPractices-banner-click-FR-1.png\" \/>\n<meta name=\"twitter:card\" content=\"summary_large_image\" \/>\n<meta name=\"twitter:label1\" content=\"Dur\u00e9e de lecture estim\u00e9e\" \/>\n\t<meta name=\"twitter:data1\" content=\"6 minutes\" \/>\n<script type=\"application\/ld+json\" class=\"yoast-schema-graph\">{\"@context\":\"https:\\\/\\\/schema.org\",\"@graph\":[{\"@type\":\"WebPage\",\"@id\":\"https:\\\/\\\/posttraining.ca\\\/fr\\\/les-pratiques-exemplaires-nouvelles-et-ameliorees-de-post-sont-arrivees\\\/\",\"url\":\"https:\\\/\\\/posttraining.ca\\\/fr\\\/les-pratiques-exemplaires-nouvelles-et-ameliorees-de-post-sont-arrivees\\\/\",\"name\":\"Les pratiques exemplaires nouvelles et am\u00e9lior\u00e9es de POST sont arriv\u00e9es - POST Training\",\"isPartOf\":{\"@id\":\"https:\\\/\\\/posttraining.ca\\\/#website\"},\"primaryImageOfPage\":{\"@id\":\"https:\\\/\\\/posttraining.ca\\\/fr\\\/les-pratiques-exemplaires-nouvelles-et-ameliorees-de-post-sont-arrivees\\\/#primaryimage\"},\"image\":{\"@id\":\"https:\\\/\\\/posttraining.ca\\\/fr\\\/les-pratiques-exemplaires-nouvelles-et-ameliorees-de-post-sont-arrivees\\\/#primaryimage\"},\"thumbnailUrl\":\"https:\\\/\\\/posttraining.ca\\\/wp-content\\\/uploads\\\/2023\\\/10\\\/POSTBestPractices-banner-click-FR-1.png\",\"datePublished\":\"2023-10-24T21:33:43+00:00\",\"dateModified\":\"2023-10-24T21:41:25+00:00\",\"breadcrumb\":{\"@id\":\"https:\\\/\\\/posttraining.ca\\\/fr\\\/les-pratiques-exemplaires-nouvelles-et-ameliorees-de-post-sont-arrivees\\\/#breadcrumb\"},\"inLanguage\":\"fr-FR\",\"potentialAction\":[{\"@type\":\"ReadAction\",\"target\":[\"https:\\\/\\\/posttraining.ca\\\/fr\\\/les-pratiques-exemplaires-nouvelles-et-ameliorees-de-post-sont-arrivees\\\/\"]}]},{\"@type\":\"ImageObject\",\"inLanguage\":\"fr-FR\",\"@id\":\"https:\\\/\\\/posttraining.ca\\\/fr\\\/les-pratiques-exemplaires-nouvelles-et-ameliorees-de-post-sont-arrivees\\\/#primaryimage\",\"url\":\"https:\\\/\\\/posttraining.ca\\\/wp-content\\\/uploads\\\/2023\\\/10\\\/POSTBestPractices-banner-click-FR-1.png\",\"contentUrl\":\"https:\\\/\\\/posttraining.ca\\\/wp-content\\\/uploads\\\/2023\\\/10\\\/POSTBestPractices-banner-click-FR-1.png\"},{\"@type\":\"BreadcrumbList\",\"@id\":\"https:\\\/\\\/posttraining.ca\\\/fr\\\/les-pratiques-exemplaires-nouvelles-et-ameliorees-de-post-sont-arrivees\\\/#breadcrumb\",\"itemListElement\":[{\"@type\":\"ListItem\",\"position\":1,\"name\":\"Home\",\"item\":\"https:\\\/\\\/posttraining.ca\\\/\"},{\"@type\":\"ListItem\",\"position\":2,\"name\":\"Les pratiques exemplaires nouvelles et am\u00e9lior\u00e9es de POST sont arriv\u00e9es\"}]},{\"@type\":\"WebSite\",\"@id\":\"https:\\\/\\\/posttraining.ca\\\/#website\",\"url\":\"https:\\\/\\\/posttraining.ca\\\/\",\"name\":\"POST Training\",\"description\":\"Petroleum Oriented Safety Training\",\"potentialAction\":[{\"@type\":\"SearchAction\",\"target\":{\"@type\":\"EntryPoint\",\"urlTemplate\":\"https:\\\/\\\/posttraining.ca\\\/?s={search_term_string}\"},\"query-input\":{\"@type\":\"PropertyValueSpecification\",\"valueRequired\":true,\"valueName\":\"search_term_string\"}}],\"inLanguage\":\"fr-FR\"}]}<\/script>\n<!-- \/ Yoast SEO plugin. -->","yoast_head_json":{"title":"Les pratiques exemplaires nouvelles et am\u00e9lior\u00e9es de POST sont arriv\u00e9es - POST Training","robots":{"index":"index","follow":"follow","max-snippet":"max-snippet:-1","max-image-preview":"max-image-preview:large","max-video-preview":"max-video-preview:-1"},"canonical":"https:\/\/posttraining.ca\/fr\/les-pratiques-exemplaires-nouvelles-et-ameliorees-de-post-sont-arrivees\/","og_locale":"fr_FR","og_type":"article","og_title":"Les pratiques exemplaires nouvelles et am\u00e9lior\u00e9es de POST sont arriv\u00e9es - POST Training","og_description":"Face \u00e0 des environnements de travail qui aujourd\u2019hui \u00e9voluent de mani\u00e8re rapide et constante, garantir la s\u00e9curit\u00e9 et le bien-\u00eatre des employ\u00e9s rev\u00eat une importance capitale. Il est indispensable que Continue Reading &rarr;","og_url":"https:\/\/posttraining.ca\/fr\/les-pratiques-exemplaires-nouvelles-et-ameliorees-de-post-sont-arrivees\/","og_site_name":"POST Training","article_modified_time":"2023-10-24T21:41:25+00:00","og_image":[{"url":"https:\/\/posttraining.ca\/wp-content\/uploads\/2023\/10\/POSTBestPractices-banner-click-FR-1.png","type":"","width":"","height":""}],"twitter_card":"summary_large_image","twitter_misc":{"Dur\u00e9e de lecture estim\u00e9e":"6 minutes"},"schema":{"@context":"https:\/\/schema.org","@graph":[{"@type":"WebPage","@id":"https:\/\/posttraining.ca\/fr\/les-pratiques-exemplaires-nouvelles-et-ameliorees-de-post-sont-arrivees\/","url":"https:\/\/posttraining.ca\/fr\/les-pratiques-exemplaires-nouvelles-et-ameliorees-de-post-sont-arrivees\/","name":"Les pratiques exemplaires nouvelles et am\u00e9lior\u00e9es de POST sont arriv\u00e9es - POST Training","isPartOf":{"@id":"https:\/\/posttraining.ca\/#website"},"primaryImageOfPage":{"@id":"https:\/\/posttraining.ca\/fr\/les-pratiques-exemplaires-nouvelles-et-ameliorees-de-post-sont-arrivees\/#primaryimage"},"image":{"@id":"https:\/\/posttraining.ca\/fr\/les-pratiques-exemplaires-nouvelles-et-ameliorees-de-post-sont-arrivees\/#primaryimage"},"thumbnailUrl":"https:\/\/posttraining.ca\/wp-content\/uploads\/2023\/10\/POSTBestPractices-banner-click-FR-1.png","datePublished":"2023-10-24T21:33:43+00:00","dateModified":"2023-10-24T21:41:25+00:00","breadcrumb":{"@id":"https:\/\/posttraining.ca\/fr\/les-pratiques-exemplaires-nouvelles-et-ameliorees-de-post-sont-arrivees\/#breadcrumb"},"inLanguage":"fr-FR","potentialAction":[{"@type":"ReadAction","target":["https:\/\/posttraining.ca\/fr\/les-pratiques-exemplaires-nouvelles-et-ameliorees-de-post-sont-arrivees\/"]}]},{"@type":"ImageObject","inLanguage":"fr-FR","@id":"https:\/\/posttraining.ca\/fr\/les-pratiques-exemplaires-nouvelles-et-ameliorees-de-post-sont-arrivees\/#primaryimage","url":"https:\/\/posttraining.ca\/wp-content\/uploads\/2023\/10\/POSTBestPractices-banner-click-FR-1.png","contentUrl":"https:\/\/posttraining.ca\/wp-content\/uploads\/2023\/10\/POSTBestPractices-banner-click-FR-1.png"},{"@type":"BreadcrumbList","@id":"https:\/\/posttraining.ca\/fr\/les-pratiques-exemplaires-nouvelles-et-ameliorees-de-post-sont-arrivees\/#breadcrumb","itemListElement":[{"@type":"ListItem","position":1,"name":"Home","item":"https:\/\/posttraining.ca\/"},{"@type":"ListItem","position":2,"name":"Les pratiques exemplaires nouvelles et am\u00e9lior\u00e9es de POST sont arriv\u00e9es"}]},{"@type":"WebSite","@id":"https:\/\/posttraining.ca\/#website","url":"https:\/\/posttraining.ca\/","name":"POST Training","description":"Petroleum Oriented Safety Training","potentialAction":[{"@type":"SearchAction","target":{"@type":"EntryPoint","urlTemplate":"https:\/\/posttraining.ca\/?s={search_term_string}"},"query-input":{"@type":"PropertyValueSpecification","valueRequired":true,"valueName":"search_term_string"}}],"inLanguage":"fr-FR"}]}},"jetpack_sharing_enabled":true,"jetpack_shortlink":"https:\/\/wp.me\/P90ZUJ-1qH","_links":{"self":[{"href":"https:\/\/posttraining.ca\/fr\/wp-json\/wp\/v2\/pages\/5499","targetHints":{"allow":["GET"]}}],"collection":[{"href":"https:\/\/posttraining.ca\/fr\/wp-json\/wp\/v2\/pages"}],"about":[{"href":"https:\/\/posttraining.ca\/fr\/wp-json\/wp\/v2\/types\/page"}],"author":[{"embeddable":true,"href":"https:\/\/posttraining.ca\/fr\/wp-json\/wp\/v2\/users\/3"}],"replies":[{"embeddable":true,"href":"https:\/\/posttraining.ca\/fr\/wp-json\/wp\/v2\/comments?post=5499"}],"version-history":[{"count":4,"href":"https:\/\/posttraining.ca\/fr\/wp-json\/wp\/v2\/pages\/5499\/revisions"}],"predecessor-version":[{"id":5504,"href":"https:\/\/posttraining.ca\/fr\/wp-json\/wp\/v2\/pages\/5499\/revisions\/5504"}],"wp:attachment":[{"href":"https:\/\/posttraining.ca\/fr\/wp-json\/wp\/v2\/media?parent=5499"}],"curies":[{"name":"wp","href":"https:\/\/api.w.org\/{rel}","templated":true}]}}